{"id":97,"date":"2022-01-27T10:58:35","date_gmt":"2022-01-27T10:58:35","guid":{"rendered":"http:\/\/cognito.mprinsdesign.nl\/?page_id=97"},"modified":"2024-08-29T14:17:38","modified_gmt":"2024-08-29T14:17:38","slug":"lokalizacja","status":"publish","type":"page","link":"https:\/\/calahondadelsol.com\/pl\/lokalizacja\/","title":{"rendered":"Lokalizacja"},"content":{"rendered":"<section class=\"wpb-content-wrapper\"><div  class=\"content_row row page-content vc_row wpb_row  default-style fullwidth\" >\n\t\n\t<div class=\"content_row_wrapper  default\" >\n\t<div id=\"asdasd\" class=\"vc_col-sm-12 wpb_column vc_column_container\" >\n\t<div class=\"vc_column-inner\">\n\t\t<div class=\"wpb_wrapper\" >\n\t\t\t<div class=\"rt_heading_wrapper no-style\">\n\t\t\t\t\t\t<h1 class=\"rt_heading  no-style\"  style=\"font-size:24px;margin-top:24px;margin-bottom:0px;\">Lokalizacja - <span class=\"after_h1\">Calahonda del Sol<\/span><\/h1> \n\t\t\t\t\t<\/div><div class=\"vc_empty_space\"   style=\"height: 32px\"><span class=\"vc_empty_space_inner\"><\/span><\/div><div class=\"vc_separator wpb_content_element vc_separator_align_center vc_sep_width_100 vc_sep_style-4 vc_sep_pos_align_center vc_separator_no_text vc_sep_color_grey\" ><span class=\"vc_sep_holder vc_sep_holder_l\"><span class=\"vc_sep_line\"><\/span><\/span><span class=\"vc_sep_holder vc_sep_holder_r\"><span class=\"vc_sep_line\"><\/span><\/span>\n<\/div>\n\t<div class=\"wpb_text_column wpb_content_element\" >\n\t\t<div class=\"wpb_wrapper\">\n\t\t\t<p><strong>Nowo wybudowany kompleks Calahonda Sunset po\u0142o\u017cony jest na wybrze\u017cu Costa del Sol, w dzielnicy Calahonda w Mijas. Obszar Calahonda w Mijas to obszar presti\u017cowych urbanizacji, ekskluzywnych willi, klub\u00f3w, p\u00f3l golfowych itp. Jest to zar\u00f3wno obszar mieszkalny, jak i turystyczny, kt\u00f3rego popularno\u015b\u0107 wzros\u0142a ze wzgl\u0119du na strategiczne po\u0142o\u017cenie, us\u0142ugi i atrakcyjno\u015b\u0107<\/strong><br \/>\n<strong>\u015brodowisko z naturalnymi krajobrazami, \u015bcie\u017ck\u0105 przybrze\u017cn\u0105, 14 kilometrami pla\u017cy, g\u00f3rami i wa\u017cn\u0105 infrastruktur\u0105 ze wszystkim wok\u00f3\u0142. Mijas to urocze miasteczko uwa\u017cane za jedno z najlepszych miejsc w Europie z kilku powod\u00f3w: klimatu, gastronomii, lokalizacji, niewielkiej odleg\u0142o\u015bci od Marbelli, Sotogrande i Gibraltaru oraz \u0142atwego dost\u0119pu przez AP7 i lotnisko w Maladze, kt\u00f3re jest tylko 35 km st\u0105d.<\/strong><\/p>\n<p>Na Costa del Sol zawsze jest co\u015b do zrobienia dzi\u0119ki wspania\u0142ej temperaturze, pi\u0119knym pla\u017com i wielu zabytkom. Dzi\u0119ki dobrej infrastrukturze wszystko jest \u0142atwo dost\u0119pne.<\/p>\n<p><strong>Natura pe\u0142na aktywno\u015bci<\/strong><\/p>\n<p>Inwestycja ta zlokalizowana jest w Sitio de Calahonda, uroczej urbanizacji b\u0119d\u0105cej cz\u0119\u015bci\u0105 gminy Mijas, po\u0142o\u017conej na Costa del Sol. Obszar, po kt\u00f3rym mo\u017cna spacerowa\u0107, odkrywa\u0107 strumienie Calahonda i Las Cabrillas lub odwiedzi\u0107 punkt widokowy Mijas.<\/p>\n<p>Lokalizacja tej inwestycji pozwala cieszy\u0107 si\u0119 spokojem okolicy i korzysta\u0107 z szerokiej gamy us\u0142ug:<\/p>\n<p>Zadbaj o form\u0119 w 2 centrach fitness, jednym oddalonym o 2 minuty jazdy, a drugim o 6 minut jazdy. Czy Twoje dziecko lubi pi\u0142k\u0119 no\u017cn\u0105? Do Pro Football Academy Marbella mo\u017cna doj\u015b\u0107 w 6 minut. R\u00f3\u017cne supermarkety r\u00f3\u017cnych marek i narodowo\u015bci. Apteki, stacje benzynowe, szko\u0142y dla r\u00f3\u017cnych grup wiekowych, kliniki i centra urody, salony fryzjerskie, weterynarze itp. 14 kilometr\u00f3w pla\u017cy, na kt\u00f3rej mo\u017cna sp\u0119dzi\u0107 dzie\u0144 z rodzin\u0105 lub zrelaksowa\u0107 si\u0119 przy szumie fal.<\/p>\n<p><strong>Epicentrum Costa del Golf<\/strong><\/p>\n<p>Wiedz, \u017ce je\u015bli jeste\u015b profesjonalist\u0105 lub chcesz doskonali\u0107 swoj\u0105 technik\u0119, w pobli\u017cu znajduj\u0105 si\u0119 doskona\u0142e kluby i pola golfowe, takie jak: Miraflores i Calanova Golf na wschodzie. Cabopino Golf i klub golfowy Santa Mar\u00eda Marbella na zachodzie. Ponad 20 p\u00f3l golfowych w promieniu 50 km.<\/p>\n<p><strong>Szybki dojazd do pozosta\u0142ej cz\u0119\u015bci wojew\u00f3dztwa <\/strong><\/p>\n<p>Malaga W mniej ni\u017c 1 minut\u0119 mo\u017cna dojecha\u0107 do AP7 i dotrze\u0107 do: Fuengirola (20 minut) Torremolinos (35 minut) Lotniska w Maladze (36 minut) Centrum Malagi i dworzec kolejowy (42 minuty) Marbella (23\u2032) i Puerto Ban\u00fas (25\u2032 )Estepona 41 minut, Sotogrande (1 godzina)<\/p>\n<p>Z kompleksu Calahonda Sunset w Mijas jest jeszcze du\u017co wi\u0119cej do odkrycia w bezpo\u015brednim s\u0105siedztwie. Oto lista niekt\u00f3rych atrakcji i zabytk\u00f3w, kt\u00f3rych zdecydowanie nie mo\u017cesz przegapi\u0107, a wszystko to w zasi\u0119gu spaceru, jazdy na rowerze lub kr\u00f3tkiej przeja\u017cd\u017cki:<\/p>\n<ul>\n<li>spacer wzd\u0142u\u017c nadmorskiej \u015bcie\u017cki (<strong>Senda Litoral de Mijas<\/strong>) \u2013 Ta pi\u0119kna \u015bcie\u017cka biegnie wzd\u0142u\u017c wybrze\u017ca i oferuje zapieraj\u0105ce dech w piersiach widoki na Morze \u015ar\u00f3dziemne. Idealnie nadaje si\u0119 na relaksuj\u0105cy spacer lub przeja\u017cd\u017ck\u0119 rowerow\u0105.<\/li>\n<li>eksploracja starego miasta Mijas (<strong>Mijas Pueblo<\/strong>) \u2013 Ta tradycyjna, bielona wioska po\u0142o\u017cona jest w g\u00f3rach i oferuje urocz\u0105 mieszank\u0119 historycznej architektury, lokalnego rzemios\u0142a i wra\u017ce\u0144 gastronomicznych. Nie przegap s\u0142ynnych taks\u00f3wek na osio\u0142kach, aby pozna\u0107 wyj\u0105tkow\u0105 wiosk\u0119.<\/li>\n<li><strong>golf<\/strong> \u2013 Region s\u0142ynie z doskona\u0142ych p\u00f3l golfowych. W pobli\u017cu Calahondy znajduj\u0105 si\u0119 kluby golfowe La Siesta i Miraflores Golf Club, idealne zar\u00f3wno dla pocz\u0105tkuj\u0105cych, jak i do\u015bwiadczonych golfist\u00f3w.<\/li>\n<li>odwiedzi\u0107 <strong>Pla\u017ca Cabopino<\/strong> \u2013 To jedna z najpi\u0119kniejszych pla\u017c w okolicy, znana z drobnego piasku, czystej wody i malowniczej mariny Cabopino. Jest to doskona\u0142e miejsce do pla\u017cowania, p\u0142ywania i uprawiania sport\u00f3w wodnych.<\/li>\n<li>chodzenie w <strong>Sierra de Mija<\/strong>s \u2013 Mi\u0142o\u015bnikom przyrody Sierra de Mijas oferuje pi\u0119kne szlaki turystyczne w g\u00f3rach, ze spektakularnymi widokami na wybrze\u017ce i l\u0105d.<\/li>\n<li>wizyta w Ogrodzie Botanicznym (<strong>Jardin Botanico de la Muralla<\/strong>) \u2013 Ten pi\u0119kny ogr\u00f3d w Mijas Pueblo oferuje spokojn\u0105 ucieczk\u0119 z r\u00f3\u017cnorodnymi ro\u015blinami i kwiatami, a tak\u017ce imponuj\u0105cymi widokami na wybrze\u017ce.<\/li>\n<li>odkryj <strong>lokalne winnice<\/strong> \u2013 Region Andaluzji s\u0142ynie z doskona\u0142ych win. W pobli\u017cu znajduje si\u0119 kilka dobrych winnic, wszystkie zdecydowanie warte odwiedzenia (i wypicia \u0142yka).<\/li>\n<li><strong>jazda konna<\/strong> \u2013 W pobli\u017cu Calahondy znajduje si\u0119 kilka szk\u00f3\u0142 jazdy konnej, w kt\u00f3rych mo\u017cna je\u017adzi\u0107 konno po pi\u0119knej okolicy. To fantastyczny spos\u00f3b na poznanie naturalnego pi\u0119kna regionu.<\/li>\n<li>wizyta w Parku Wodnym (<strong>Aquamija<\/strong>) \u2013 Idealny na rodzinny dzie\u0144, Aquamijas oferuje kilka zje\u017cd\u017calni wodnych, basen\u00f3w i atrakcji dla wszystkich grup wiekowych. Znajduje si\u0119 w niewielkiej odleg\u0142o\u015bci od Calahondy.<br \/>\ndo\u015bwiadczenia kulturalne w Mijas \u2013 nie przegap okazji odkrycia lokalnego rzemios\u0142a, takiego jak ceramika i wyroby sk\u00f3rzane. Odwied\u017a tak\u017ce Muzeum Etnograficzne (Museo Etnogr\u00e1fico) w Mijas Pueblo, aby uzyska\u0107 g\u0142\u0119bszy wgl\u0105d w lokaln\u0105 kultur\u0119 i histori\u0119.<\/li>\n<li>skosztowa\u0107 <strong>lokalna gastronomia<\/strong> \u2013 Kuchnia andaluzyjska jest bogata i r\u00f3\u017cnorodna. Skosztuj lokalnych specja\u0142\u00f3w, takich jak gazpacho, espetos (sardynki na szasz\u0142yku) i s\u0142odkie wino z regionu. W okolicy znajduje si\u0119 mn\u00f3stwo restauracji i bar\u00f3w tapas, w kt\u00f3rych mo\u017cna skosztowa\u0107 tych specja\u0142\u00f3w.<\/li>\n<li><strong>na rowerze wzd\u0142u\u017c Riviera del Sol<\/strong> \u2013 Chwy\u0107 rower i zwiedzaj pi\u0119kne wybrze\u017ce wzd\u0142u\u017c Riviera del Sol. Trasa oferuje pi\u0119kne widoki i przytulne bary na pla\u017cy (chiringuitos), w kt\u00f3rych mo\u017cna zatrzyma\u0107 si\u0119 na orze\u017awiaj\u0105cego drinka.<\/li>\n<li>Odwied\u017a to <strong>Zamek Sohail<\/strong> (Fuengirola) \u2013 Ten zabytkowy zamek, po\u0142o\u017cony niedaleko Calahondy, oferuje nie tylko ciekaw\u0105 histori\u0119, ale tak\u017ce spektakularne widoki na Morze \u015ar\u00f3dziemne.<\/li>\n<li><strong>rynki Mijas<\/strong> \u2013 Przegl\u0105daj lokalne rynki, na kt\u00f3rych znajdziesz wszystko, od \u015bwie\u017cych produkt\u00f3w po r\u0119cznie robione pami\u0105tki. Na pewno warto odwiedzi\u0107 targ w La Cala de Mijas, kt\u00f3ry odbywa si\u0119 w ka\u017cd\u0105 \u015brod\u0119 i sobot\u0119.<\/li>\n<\/ul>\n<p>Dzi\u0119ki tym dzia\u0142aniom i atrakcjom tu\u017c za rogiem Ty, Twoja rodzina, przyjaciele lub go\u015bcie sp\u0119dzicie niezapomniane chwile w Mijas i okolicach, niezale\u017cnie od tego, czy szukasz relaksu, przygody, wra\u017ce\u0144 kulturalnych czy kulinarnych.<\/p>\n\n\t\t<\/div>\n\t<\/div>\n<div class=\"button_wrapper aligncenter\"><a  href=\"\/pl\/wiecej-informacji\/\" target=\"_self\" title=\"&gt; popro\u015b o pakiet informacyjny\" class=\"button_  style-2 medium\">&gt; popro\u015b o pakiet informacyjny<\/a><\/div>\n\t\t<\/div>\n\t<\/div>\n\t<\/div>\n\n<\/div>\n<\/div>\n\n<div  class=\"content_row row room-list vc_row wpb_row  default-style fullwidth\" >\n\t\n\t<div class=\"content_row_wrapper  fullwidth\" >\n\t<div id=\"asdasd\" class=\"vc_col-sm-12 wpb_column vc_column_container\" >\n\t<div class=\"vc_column-inner\">\n\t\t<div class=\"wpb_wrapper\" >\n\t\t\t<div class=\"google_map_holder\" data-height=\"300\" data-scope=\"#map-238549\" data-bw=\"\">\n\n\t\t\t<div id=\"map-238549\" class=\"google_map\"><\/div>\n\t\t\t<script type=\"text\/javascript\">\n\t\t\t \/* <![CDATA[ *\/ \n\t\t\t\t\/\/ Runs google maps\t\n\t\t\t\t\tjQuery(function() {\n\t\t\t\t\t\tjQuery(\"#map-238549\").rt_maps([[\"Calahonda - Mijas\", 36.5115, -4.7302, 4,\"Calahonda Sunset &#8211; Costa del Calahonda\"],],10); \n\t\t\t\t\t});\n\t\t\t\/* ]]> *\/\t\n\t\t\t<\/script>\n\n\t\t<\/div><div class=\"vc_empty_space\"   style=\"height: 90px\"><span class=\"vc_empty_space_inner\"><\/span><\/div><div class=\"rt_quote\"  >\n\t\t\t\t\t\t\t<p>\n\t\t\t\t\t\t\t\t<span class=\"icon-quote-left\"><\/span>\n\t\t\t\t\t\t\t\t<\/p>\n<p id=\"tw-target-text\" class=\"tw-data-text tw-text-large tw-ta\" dir=\"ltr\" data-placeholder=\"Vertaling\" data-ved=\"2ahUKEwjrwKua7ISEAxXezgIHHeULBkAQ3ewLegQIBRAQ\"><span class=\"Y2IQFc\" lang=\"nl\">Miejsce, w kt\u00f3rym mo\u017cna cieszy\u0107 si\u0119 okolic\u0105, spokojem, \u017cyciem pobliskich miast i wsi oraz ekskluzywno\u015bci\u0105 wyj\u0105tkowej enklawy.<\/span><\/p>\n<p>\n\t\t\t\t\t\t\t\t<span class=\"icon-quote-right\"><\/span>\n\t\t\t\t\t\t\t<\/p>\n\t\t\t\t\t\t\t\n\t\t\t\t\t<\/div>\n\t\t<\/div>\n\t<\/div>\n\t<\/div>\n\n<\/div>\n<\/div>\n\n<div  class=\"content_row row vc_row wpb_row  default-style fullwidth\" >\n\t\n\t<div class=\"content_row_wrapper  default\" >\n\t<div id=\"asdasd\" class=\"vc_col-sm-12 wpb_column vc_column_container\" >\n\t<div class=\"vc_column-inner\">\n\t\t<div class=\"wpb_wrapper\" >\n\t\t\t\n\t\t<div  class=\"info_box margin-b20 clearfix announcement announcement\" data-rt-animate=\"animate\" data-rt-animation-type=\"fadeInDown\" data-rt-animation-group=\"single\">\n\t\t\t<span class=\"icon-cancel\"><\/span>\n\t\t\t<p class=\"icon-megaphone-1\">\n\t\t\t\t<\/p>\n<ul>\n<li>Lotnisko (50-100 km)<\/li>\n<li>Pla\u017ca (1-2 km)<\/li>\n<li>\u00a0Morze (1-2 km)<\/li>\n<li>Widok na morze<\/li>\n<li>Widok na wzg\u00f3rza<\/li>\n<li>Widok miasta<\/li>\n<li>Przystanek autobusowy przy kompleksie<\/li>\n<li>Sklepy\/centrum handlowe w odleg\u0142o\u015bci spaceru<\/li>\n<li>Bary\/restauracje w odleg\u0142o\u015bci spaceru<\/li>\n<li>Estepona (europejski finalista konkursu Miasto Roku 2023)<\/li>\n<\/ul>\n<p>\n\t\t\t<\/p>\n\t\t<\/div>\n\t\n\t\t<\/div>\n\t<\/div>\n\t<\/div>\n\n<\/div>\n<\/div>\n\n<div  class=\"content_row row vc_row wpb_row  default-style fullwidth\" >\n\t\n\t<div class=\"content_row_wrapper  default\" >\n\t<div id=\"asdasd\" class=\"vc_col-sm-12 wpb_column vc_column_container\" >\n\t<div class=\"vc_column-inner\">\n\t\t<div class=\"wpb_wrapper\" >\n\t\t\t<div class=\"button_wrapper aligncenter\"><a  href=\"\/pl\/wiecej-informacji\/\" target=\"_self\" title=\"&gt; popro\u015b o pakiet informacyjny\" class=\"button_  style-2 medium\">&gt; popro\u015b o pakiet informacyjny<\/a><\/div>\n\t\t<\/div>\n\t<\/div>\n\t<\/div>\n\n<\/div>\n<\/div>\n<\/section>","protected":false},"excerpt":{"rendered":"<p>\u2026 <a class=\"more-link\" href=\"https:\/\/calahondadelsol.com\/pl\/lokalizacja\/\">Kontynuuj czytanie<\/a><\/p>","protected":false},"author":1,"featured_media":4475,"parent":0,"menu_order":5,"comment_status":"closed","ping_status":"closed","template":"","meta":{"footnotes":""},"class_list":["post-97","page","type-page","status-publish","has-post-thumbnail","hentry"],"yoast_head":"<!-- This site is optimized with the Yoast SEO plugin v26.0 - https:\/\/yoast.com\/wordpress\/plugins\/seo\/ -->\n<title>Locatie - Calahonda del Sol<\/title>\n<meta name=\"robots\" content=\"index, follow, max-snippet:-1, max-image-preview:large, max-video-preview:-1\" \/>\n<link rel=\"canonical\" href=\"https:\/\/calahondadelsol.com\/pl\/lokalizacja\/\" \/>\n<meta property=\"og:locale\" content=\"pl_PL\" \/>\n<meta property=\"og:type\" content=\"article\" \/>\n<meta property=\"og:title\" content=\"Locatie - Calahonda del Sol\" \/>\n<meta property=\"og:url\" content=\"https:\/\/calahondadelsol.com\/pl\/lokalizacja\/\" \/>\n<meta property=\"og:site_name\" content=\"Calahonda del Sol\" \/>\n<meta property=\"article:modified_time\" content=\"2024-08-29T14:17:38+00:00\" \/>\n<meta property=\"og:image\" content=\"https:\/\/calahondadelsol.com\/wp-content\/uploads\/sites\/38\/2024\/04\/calahonda_delsol_5.jpg\" \/>\n\t<meta property=\"og:image:width\" content=\"1920\" \/>\n\t<meta property=\"og:image:height\" content=\"1080\" \/>\n\t<meta property=\"og:image:type\" content=\"image\/jpeg\" \/>\n<meta name=\"twitter:card\" content=\"summary_large_image\" \/>\n<meta name=\"twitter:label1\" content=\"Szacowany czas czytania\" \/>\n\t<meta name=\"twitter:data1\" content=\"7 minut\" \/>\n<script type=\"application\/ld+json\" class=\"yoast-schema-graph\">{\"@context\":\"https:\/\/schema.org\",\"@graph\":[{\"@type\":\"WebPage\",\"@id\":\"https:\/\/calahondadelsol.com\/locatie\/\",\"url\":\"https:\/\/calahondadelsol.com\/locatie\/\",\"name\":\"Locatie - Calahonda del Sol\",\"isPartOf\":{\"@id\":\"https:\/\/calahondadelsol.com\/#website\"},\"primaryImageOfPage\":{\"@id\":\"https:\/\/calahondadelsol.com\/locatie\/#primaryimage\"},\"image\":{\"@id\":\"https:\/\/calahondadelsol.com\/locatie\/#primaryimage\"},\"thumbnailUrl\":\"https:\/\/calahondadelsol.com\/wp-content\/uploads\/sites\/38\/2024\/04\/calahonda_delsol_5.jpg\",\"datePublished\":\"2022-01-27T10:58:35+00:00\",\"dateModified\":\"2024-08-29T14:17:38+00:00\",\"breadcrumb\":{\"@id\":\"https:\/\/calahondadelsol.com\/locatie\/#breadcrumb\"},\"inLanguage\":\"pl-PL\",\"potentialAction\":[{\"@type\":\"ReadAction\",\"target\":[\"https:\/\/calahondadelsol.com\/locatie\/\"]}]},{\"@type\":\"ImageObject\",\"inLanguage\":\"pl-PL\",\"@id\":\"https:\/\/calahondadelsol.com\/locatie\/#primaryimage\",\"url\":\"https:\/\/calahondadelsol.com\/wp-content\/uploads\/sites\/38\/2024\/04\/calahonda_delsol_5.jpg\",\"contentUrl\":\"https:\/\/calahondadelsol.com\/wp-content\/uploads\/sites\/38\/2024\/04\/calahonda_delsol_5.jpg\",\"width\":1920,\"height\":1080},{\"@type\":\"BreadcrumbList\",\"@id\":\"https:\/\/calahondadelsol.com\/locatie\/#breadcrumb\",\"itemListElement\":[{\"@type\":\"ListItem\",\"position\":1,\"name\":\"Home\",\"item\":\"https:\/\/calahondadelsol.com\/\"},{\"@type\":\"ListItem\",\"position\":2,\"name\":\"Locatie\"}]},{\"@type\":\"WebSite\",\"@id\":\"https:\/\/calahondadelsol.com\/#website\",\"url\":\"https:\/\/calahondadelsol.com\/\",\"name\":\"Calahonda del Sol\",\"description\":\"Your new way of life\",\"potentialAction\":[{\"@type\":\"SearchAction\",\"target\":{\"@type\":\"EntryPoint\",\"urlTemplate\":\"https:\/\/calahondadelsol.com\/?s={search_term_string}\"},\"query-input\":{\"@type\":\"PropertyValueSpecification\",\"valueRequired\":true,\"valueName\":\"search_term_string\"}}],\"inLanguage\":\"pl-PL\"}]}<\/script>\n<!-- \/ Yoast SEO plugin. -->","yoast_head_json":{"title":"Lokalizacja - Calahonda del Sol","robots":{"index":"index","follow":"follow","max-snippet":"max-snippet:-1","max-image-preview":"max-image-preview:large","max-video-preview":"max-video-preview:-1"},"canonical":"https:\/\/calahondadelsol.com\/pl\/lokalizacja\/","og_locale":"pl_PL","og_type":"article","og_title":"Locatie - Calahonda del Sol","og_url":"https:\/\/calahondadelsol.com\/pl\/lokalizacja\/","og_site_name":"Calahonda del Sol","article_modified_time":"2024-08-29T14:17:38+00:00","og_image":[{"width":1920,"height":1080,"url":"https:\/\/calahondadelsol.com\/wp-content\/uploads\/sites\/38\/2024\/04\/calahonda_delsol_5.jpg","type":"image\/jpeg"}],"twitter_card":"summary_large_image","twitter_misc":{"Szacowany czas czytania":"7 minut"},"schema":{"@context":"https:\/\/schema.org","@graph":[{"@type":"WebPage","@id":"https:\/\/calahondadelsol.com\/locatie\/","url":"https:\/\/calahondadelsol.com\/locatie\/","name":"Lokalizacja - Calahonda del Sol","isPartOf":{"@id":"https:\/\/calahondadelsol.com\/#website"},"primaryImageOfPage":{"@id":"https:\/\/calahondadelsol.com\/locatie\/#primaryimage"},"image":{"@id":"https:\/\/calahondadelsol.com\/locatie\/#primaryimage"},"thumbnailUrl":"https:\/\/calahondadelsol.com\/wp-content\/uploads\/sites\/38\/2024\/04\/calahonda_delsol_5.jpg","datePublished":"2022-01-27T10:58:35+00:00","dateModified":"2024-08-29T14:17:38+00:00","breadcrumb":{"@id":"https:\/\/calahondadelsol.com\/locatie\/#breadcrumb"},"inLanguage":"pl-PL","potentialAction":[{"@type":"ReadAction","target":["https:\/\/calahondadelsol.com\/locatie\/"]}]},{"@type":"ImageObject","inLanguage":"pl-PL","@id":"https:\/\/calahondadelsol.com\/locatie\/#primaryimage","url":"https:\/\/calahondadelsol.com\/wp-content\/uploads\/sites\/38\/2024\/04\/calahonda_delsol_5.jpg","contentUrl":"https:\/\/calahondadelsol.com\/wp-content\/uploads\/sites\/38\/2024\/04\/calahonda_delsol_5.jpg","width":1920,"height":1080},{"@type":"BreadcrumbList","@id":"https:\/\/calahondadelsol.com\/locatie\/#breadcrumb","itemListElement":[{"@type":"ListItem","position":1,"name":"Home","item":"https:\/\/calahondadelsol.com\/"},{"@type":"ListItem","position":2,"name":"Locatie"}]},{"@type":"WebSite","@id":"https:\/\/calahondadelsol.com\/#website","url":"https:\/\/calahondadelsol.com\/","name":"Calahonda del Sol","description":"Tw\u00f3j nowy spos\u00f3b \u017cycia","potentialAction":[{"@type":"SearchAction","target":{"@type":"EntryPoint","urlTemplate":"https:\/\/calahondadelsol.com\/?s={search_term_string}"},"query-input":{"@type":"PropertyValueSpecification","valueRequired":true,"valueName":"search_term_string"}}],"inLanguage":"pl-PL"}]}},"_links":{"self":[{"href":"https:\/\/calahondadelsol.com\/pl\/wp-json\/wp\/v2\/pages\/97","targetHints":{"allow":["GET"]}}],"collection":[{"href":"https:\/\/calahondadelsol.com\/pl\/wp-json\/wp\/v2\/pages"}],"about":[{"href":"https:\/\/calahondadelsol.com\/pl\/wp-json\/wp\/v2\/types\/page"}],"author":[{"embeddable":true,"href":"https:\/\/calahondadelsol.com\/pl\/wp-json\/wp\/v2\/users\/1"}],"replies":[{"embeddable":true,"href":"https:\/\/calahondadelsol.com\/pl\/wp-json\/wp\/v2\/comments?post=97"}],"version-history":[{"count":33,"href":"https:\/\/calahondadelsol.com\/pl\/wp-json\/wp\/v2\/pages\/97\/revisions"}],"predecessor-version":[{"id":4533,"href":"https:\/\/calahondadelsol.com\/pl\/wp-json\/wp\/v2\/pages\/97\/revisions\/4533"}],"wp:featuredmedia":[{"embeddable":true,"href":"https:\/\/calahondadelsol.com\/pl\/wp-json\/wp\/v2\/media\/4475"}],"wp:attachment":[{"href":"https:\/\/calahondadelsol.com\/pl\/wp-json\/wp\/v2\/media?parent=97"}],"curies":[{"name":"wp","href":"https:\/\/api.w.org\/{rel}","templated":true}]}}