{"id":97,"date":"2022-01-27T10:58:35","date_gmt":"2022-01-27T10:58:35","guid":{"rendered":"http:\/\/cognito.mprinsdesign.nl\/?page_id=97"},"modified":"2024-08-29T14:17:38","modified_gmt":"2024-08-29T14:17:38","slug":"posizione","status":"publish","type":"page","link":"https:\/\/calahondadelsol.com\/it\/posizione\/","title":{"rendered":"Posizione"},"content":{"rendered":"<section class=\"wpb-content-wrapper\"><div  class=\"content_row row page-content vc_row wpb_row  default-style fullwidth\" >\n\t\n\t<div class=\"content_row_wrapper  default\" >\n\t<div id=\"asdasd\" class=\"vc_col-sm-12 wpb_column vc_column_container\" >\n\t<div class=\"vc_column-inner\">\n\t\t<div class=\"wpb_wrapper\" >\n\t\t\t<div class=\"rt_heading_wrapper no-style\">\n\t\t\t\t\t\t<h1 class=\"rt_heading  no-style\"  style=\"font-size:24px;margin-top:24px;margin-bottom:0px;\">Posizione - <span class=\"after_h1\">Calahonda del Sol<\/span><\/h1> \n\t\t\t\t\t<\/div><div class=\"vc_empty_space\"   style=\"height: 32px\"><span class=\"vc_empty_space_inner\"><\/span><\/div><div class=\"vc_separator wpb_content_element vc_separator_align_center vc_sep_width_100 vc_sep_style-4 vc_sep_pos_align_center vc_separator_no_text vc_sep_color_grey\" ><span class=\"vc_sep_holder vc_sep_holder_l\"><span class=\"vc_sep_line\"><\/span><\/span><span class=\"vc_sep_holder vc_sep_holder_r\"><span class=\"vc_sep_line\"><\/span><\/span>\n<\/div>\n\t<div class=\"wpb_text_column wpb_content_element\" >\n\t\t<div class=\"wpb_wrapper\">\n\t\t\t<p><strong>Il complesso di nuova costruzione Calahonda Sunset si trova sulla Costa del Sol, nel quartiere Calahonda di Mijas. La zona Calahonda di Mijas \u00e8 una zona di urbanizzazioni prestigiose, ville esclusive, club, campi da golf, ecc. \u00c8 una zona sia residenziale che turistica, la cui popolarit\u00e0 \u00e8 cresciuta grazie alla sua posizione strategica, ai suoi servizi e alle sue attrattive<\/strong><br \/>\n<strong>ambiente con paesaggi naturali, il sentiero costiero, 14 chilometri di spiaggia, le montagne e importanti infrastrutture con tutto ci\u00f2 che lo circonda. Mijas \u00e8 un&#039;affascinante cittadina considerata una delle migliori destinazioni d&#039;Europa per diversi motivi: il suo clima, la sua gastronomia, la sua posizione, a breve distanza da Marbella, Sotogrande e Gibilterra, e il suo facile accesso tramite la AP7 e l&#039;aeroporto di Malaga, che dista solo 35 km.<\/strong><\/p>\n<p>C&#039;\u00e8 sempre qualcosa da fare sulla Costa del Sol con la sua temperatura meravigliosa, le bellissime spiagge e le numerose attrazioni. Grazie alla buona infrastruttura, tutto \u00e8 facilmente accessibile.<\/p>\n<p><strong>Natura ricca di attivit\u00e0<\/strong><\/p>\n<p>Questo complesso si trova a Sitio de Calahonda, un&#039;affascinante urbanizzazione che fa parte del comune di Mijas, situata sulla Costa del Sol. Un&#039;area dove passeggiare, esplorare i ruscelli Calahonda e Las Cabrillas o visitare il belvedere di Mijas.<\/p>\n<p>L&#039;ubicazione di questo sviluppo consente di abbracciare la tranquillit\u00e0 della zona e di beneficiare di un&#039;ampia variet\u00e0 di servizi:<\/p>\n<p>Mantieniti in forma con 2 centri fitness, uno a 2 minuti di auto e l&#039;altro a 6 minuti di auto. A tuo figlio piace il calcio? Anche la Pro Football Academy Marbella \u00e8 a 6 minuti di distanza. Vari supermercati di diverse marche e nazionalit\u00e0. Farmacie, distributori di benzina, scuole per diverse et\u00e0, cliniche e centri estetici, parrucchieri, veterinari, ecc. 14 chilometri di spiaggia dove potrete scegliere se trascorrere una giornata con la famiglia o rilassarvi con il suono delle onde.<\/p>\n<p><strong>Epicentro della Costa del Golf<\/strong><\/p>\n<p>Sappi che se sei un professionista o vuoi migliorare la tua tecnica, hai ottimi club e campi da golf nelle vicinanze, come: Miraflores e Calanova Golf a est. Cabopino Golf e Santa Mar\u00eda Golf Club Marbella a ovest. Pi\u00f9 di 20 campi da golf nel raggio di 50 km.<\/p>\n<p><strong>Accesso rapido al resto della provincia <\/strong><\/p>\n<p>M\u00e1laga In meno di 1 minuto puoi accedere all&#039;AP7 e raggiungere: Fuengirola (20 minuti) Torremolinos (35 minuti) Aeroporto di M\u00e1laga (36 minuti) Centro e stazione ferroviaria di M\u00e1laga (42 minuti) Marbella (23\u2032) e Puerto Ban\u00fas (25\u2032 ) Estepona 41 minuti, Sotogrande (1 ora)<\/p>\n<p>Dal complesso Calahonda Sunset a Mijas c&#039;\u00e8 anche molto altro da scoprire nelle immediate vicinanze. Ecco un elenco di alcune attivit\u00e0 e attrazioni da non perdere assolutamente, tutte raggiungibili a piedi, in bicicletta o con un breve tragitto in auto:<\/p>\n<ul>\n<li>camminare lungo il sentiero costiero (<strong>Senda Litoral de Mijas<\/strong>) \u2013 Questo bellissimo sentiero corre lungo la costa e offre viste mozzafiato sul Mar Mediterraneo. \u00c8 perfetto per una passeggiata rilassante o un giro in bicicletta.<\/li>\n<li>esplorazione del centro storico di Mijas (<strong>Mijas Pueblo<\/strong>) \u2013 Questo tradizionale villaggio imbiancato \u00e8 annidato tra le montagne e offre un affascinante mix di architettura storica, artigianato locale ed esperienze gastronomiche. Da non perdere i famosi taxi con gli asini per un modo unico di esplorare il villaggio.<\/li>\n<li><strong>golf<\/strong> \u2013 La regione \u00e8 nota per i suoi eccellenti campi da golf. Vicino a Calahonda troverai La Siesta Golf Club e Miraflores Golf Club, ideali sia per principianti che per golfisti esperti.<\/li>\n<li>visitare <strong>Spiaggia di Cabopino<\/strong> \u2013 Questa \u00e8 una delle spiagge pi\u00f9 belle della zona, nota per la sua sabbia fine, l\u2019acqua limpida e il pittoresco porto turistico di Cabopino. \u00c8 un luogo eccellente per prendere il sole, nuotare e praticare sport acquatici.<\/li>\n<li>camminando nel <strong>Sierra de Mija<\/strong>s \u2013 Per gli amanti della natura, la Sierra de Mijas offre bellissimi sentieri escursionistici attraverso le montagne, con viste spettacolari sulla costa e sull&#039;entroterra.<\/li>\n<li>visita all&#039;Orto Botanico (<strong>Giardino Botanico della Muralla<\/strong>) \u2013 Questo bellissimo giardino a Mijas Pueblo offre un rifugio tranquillo con una variet\u00e0 di piante e fiori, oltre a viste impressionanti sulla costa.<\/li>\n<li>scopri il <strong>vigneti locali<\/strong> \u2013 La regione dell\u2019Andalusia \u00e8 conosciuta per i suoi ottimi vini. Ci sono molti ottimi vigneti nelle immediate vicinanze, tutti meritano sicuramente una visita (e un sorso).<\/li>\n<li><strong>equitazione<\/strong> \u2013 Ci sono diversi maneggi vicino a Calahonda dove puoi goderti una passeggiata a cavallo attraverso la bellissima campagna. Questo \u00e8 un modo fantastico per esplorare le bellezze naturali della regione.<\/li>\n<li>visita al Parco Acquatico (<strong>Acquamijas<\/strong>) \u2013 Ideale per una giornata in famiglia, Aquamijas offre diversi scivoli acquatici, piscine e attrazioni per tutte le et\u00e0. Si trova a breve distanza da Calahonda.<br \/>\nesperienze culturali a Mijas \u2013 Non perdere l&#039;occasione di scoprire l&#039;artigianato locale come la ceramica e la pelletteria. Visita anche il Museo Etnografico (Museo Etnogr\u00e1fico) a Mijas Pueblo per una visione pi\u00f9 approfondita della cultura e della storia locale.<\/li>\n<li>assaggiare il <strong>gastronomia locale<\/strong> \u2013 La cucina andalusa \u00e8 ricca e varia. Godetevi le specialit\u00e0 locali come il gazpacho, gli espetos (sardine allo spiedo) e il vino dolce della regione. Ci sono molti ristoranti e bar di tapas nella zona dove puoi gustare queste prelibatezze.<\/li>\n<li><strong>pedalando lungo la Riviera del Sol<\/strong> \u2013 Prendi la tua bicicletta ed esplora la bellissima costa lungo la Riviera del Sol. Il percorso offre splendidi panorami e accoglienti bar sulla spiaggia (chiringuitos) dove \u00e8 possibile fermarsi per un drink rinfrescante.<\/li>\n<li>visitalo <strong>Castello di Sohail<\/strong> (Fuengirola) \u2013 Situato a breve distanza da Calahonda, questo storico castello offre non solo una storia interessante ma anche viste spettacolari sul Mar Mediterraneo.<\/li>\n<li><strong>mercati di Mijas<\/strong> \u2013 Esplora i mercati locali dove puoi trovare di tutto, dai prodotti freschi ai souvenir fatti a mano. Vale sicuramente la pena visitare il mercato di La Cala de Mijas, che si svolge ogni mercoled\u00ec e sabato.<\/li>\n<\/ul>\n<p>Con queste attivit\u00e0 e attrazioni proprio dietro l&#039;angolo, tu, la tua famiglia, i tuoi amici o i tuoi ospiti trascorrerete momenti indimenticabili a Mijas e nella regione circostante, sia che tu stia cercando relax, avventura, cultura o esperienze culinarie.<\/p>\n\n\t\t<\/div>\n\t<\/div>\n<div class=\"button_wrapper aligncenter\"><a  href=\"\/it\/maggiori-informazioni\/\" target=\"_self\" title=\"&gt; richiedere un pacchetto informativo\" class=\"button_  style-2 medium\">&gt; richiedere un pacchetto informativo<\/a><\/div>\n\t\t<\/div>\n\t<\/div>\n\t<\/div>\n\n<\/div>\n<\/div>\n\n<div  class=\"content_row row room-list vc_row wpb_row  default-style fullwidth\" >\n\t\n\t<div class=\"content_row_wrapper  fullwidth\" >\n\t<div id=\"asdasd\" class=\"vc_col-sm-12 wpb_column vc_column_container\" >\n\t<div class=\"vc_column-inner\">\n\t\t<div class=\"wpb_wrapper\" >\n\t\t\t<div class=\"google_map_holder\" data-height=\"300\" data-scope=\"#map-554351\" data-bw=\"\">\n\n\t\t\t<div id=\"map-554351\" class=\"google_map\"><\/div>\n\t\t\t<script type=\"text\/javascript\">\n\t\t\t \/* <![CDATA[ *\/ \n\t\t\t\t\/\/ Runs google maps\t\n\t\t\t\t\tjQuery(function() {\n\t\t\t\t\t\tjQuery(\"#map-554351\").rt_maps([[\"Calahonda - Mijas\", 36.5115, -4.7302, 4,\"Calahonda Sunset &#8211; Costa del Calahonda\"],],10); \n\t\t\t\t\t});\n\t\t\t\/* ]]> *\/\t\n\t\t\t<\/script>\n\n\t\t<\/div><div class=\"vc_empty_space\"   style=\"height: 90px\"><span class=\"vc_empty_space_inner\"><\/span><\/div><div class=\"rt_quote\"  >\n\t\t\t\t\t\t\t<p>\n\t\t\t\t\t\t\t\t<span class=\"icon-quote-left\"><\/span>\n\t\t\t\t\t\t\t\t<\/p>\n<p id=\"tw-target-text\" class=\"tw-data-text tw-text-large tw-ta\" dir=\"ltr\" data-placeholder=\"Vertaling\" data-ved=\"2ahUKEwjrwKua7ISEAxXezgIHHeULBkAQ3ewLegQIBRAQ\"><span class=\"Y2IQFc\" lang=\"nl\">Un luogo per godersi l&#039;ambiente circostante, la tranquillit\u00e0, la vita delle citt\u00e0 e dei villaggi vicini e l&#039;esclusivit\u00e0 di un&#039;enclave unica.<\/span><\/p>\n<p>\n\t\t\t\t\t\t\t\t<span class=\"icon-quote-right\"><\/span>\n\t\t\t\t\t\t\t<\/p>\n\t\t\t\t\t\t\t\n\t\t\t\t\t<\/div>\n\t\t<\/div>\n\t<\/div>\n\t<\/div>\n\n<\/div>\n<\/div>\n\n<div  class=\"content_row row vc_row wpb_row  default-style fullwidth\" >\n\t\n\t<div class=\"content_row_wrapper  default\" >\n\t<div id=\"asdasd\" class=\"vc_col-sm-12 wpb_column vc_column_container\" >\n\t<div class=\"vc_column-inner\">\n\t\t<div class=\"wpb_wrapper\" >\n\t\t\t\n\t\t<div  class=\"info_box margin-b20 clearfix announcement announcement\" data-rt-animate=\"animate\" data-rt-animation-type=\"fadeInDown\" data-rt-animation-group=\"single\">\n\t\t\t<span class=\"icon-cancel\"><\/span>\n\t\t\t<p class=\"icon-megaphone-1\">\n\t\t\t\t<\/p>\n<ul>\n<li>Aeroporto (50-100 km)<\/li>\n<li>Spiaggia (1-2 km)<\/li>\n<li>\u00a0Mare (1-2 km)<\/li>\n<li>vista mare<\/li>\n<li>Vista sulle colline<\/li>\n<li>Vista della citt\u00e0<\/li>\n<li>Fermata dell&#039;autobus al complesso<\/li>\n<li>Negozi\/centro commerciale raggiungibili a piedi<\/li>\n<li>Bar\/ristoranti raggiungibili a piedi<\/li>\n<li>Estepona (finalista europea per Citt\u00e0 dell&#039;anno 2023)<\/li>\n<\/ul>\n<p>\n\t\t\t<\/p>\n\t\t<\/div>\n\t\n\t\t<\/div>\n\t<\/div>\n\t<\/div>\n\n<\/div>\n<\/div>\n\n<div  class=\"content_row row vc_row wpb_row  default-style fullwidth\" >\n\t\n\t<div class=\"content_row_wrapper  default\" >\n\t<div id=\"asdasd\" class=\"vc_col-sm-12 wpb_column vc_column_container\" >\n\t<div class=\"vc_column-inner\">\n\t\t<div class=\"wpb_wrapper\" >\n\t\t\t<div class=\"button_wrapper aligncenter\"><a  href=\"\/it\/maggiori-informazioni\/\" target=\"_self\" title=\"&gt; richiedere un pacchetto informativo\" class=\"button_  style-2 medium\">&gt; richiedere un pacchetto informativo<\/a><\/div>\n\t\t<\/div>\n\t<\/div>\n\t<\/div>\n\n<\/div>\n<\/div>\n<\/section>","protected":false},"excerpt":{"rendered":"<p>\u2026 <a class=\"more-link\" href=\"https:\/\/calahondadelsol.com\/it\/posizione\/\">Continua a leggere<\/a><\/p>","protected":false},"author":1,"featured_media":4475,"parent":0,"menu_order":5,"comment_status":"closed","ping_status":"closed","template":"","meta":{"footnotes":""},"class_list":["post-97","page","type-page","status-publish","has-post-thumbnail","hentry"],"yoast_head":"<!-- This site is optimized with the Yoast SEO plugin v26.0 - https:\/\/yoast.com\/wordpress\/plugins\/seo\/ -->\n<title>Locatie - Calahonda del Sol<\/title>\n<meta name=\"robots\" content=\"index, follow, max-snippet:-1, max-image-preview:large, max-video-preview:-1\" \/>\n<link rel=\"canonical\" href=\"https:\/\/calahondadelsol.com\/it\/posizione\/\" \/>\n<meta property=\"og:locale\" content=\"it_IT\" \/>\n<meta property=\"og:type\" content=\"article\" \/>\n<meta property=\"og:title\" content=\"Locatie - Calahonda del Sol\" \/>\n<meta property=\"og:url\" content=\"https:\/\/calahondadelsol.com\/it\/posizione\/\" \/>\n<meta property=\"og:site_name\" content=\"Calahonda del Sol\" \/>\n<meta property=\"article:modified_time\" content=\"2024-08-29T14:17:38+00:00\" \/>\n<meta property=\"og:image\" content=\"https:\/\/calahondadelsol.com\/wp-content\/uploads\/sites\/38\/2024\/04\/calahonda_delsol_5.jpg\" \/>\n\t<meta property=\"og:image:width\" content=\"1920\" \/>\n\t<meta property=\"og:image:height\" content=\"1080\" \/>\n\t<meta property=\"og:image:type\" content=\"image\/jpeg\" \/>\n<meta name=\"twitter:card\" content=\"summary_large_image\" \/>\n<meta name=\"twitter:label1\" content=\"Tempo di lettura stimato\" \/>\n\t<meta name=\"twitter:data1\" content=\"7 minuti\" \/>\n<script type=\"application\/ld+json\" class=\"yoast-schema-graph\">{\"@context\":\"https:\/\/schema.org\",\"@graph\":[{\"@type\":\"WebPage\",\"@id\":\"https:\/\/calahondadelsol.com\/locatie\/\",\"url\":\"https:\/\/calahondadelsol.com\/locatie\/\",\"name\":\"Locatie - Calahonda del Sol\",\"isPartOf\":{\"@id\":\"https:\/\/calahondadelsol.com\/#website\"},\"primaryImageOfPage\":{\"@id\":\"https:\/\/calahondadelsol.com\/locatie\/#primaryimage\"},\"image\":{\"@id\":\"https:\/\/calahondadelsol.com\/locatie\/#primaryimage\"},\"thumbnailUrl\":\"https:\/\/calahondadelsol.com\/wp-content\/uploads\/sites\/38\/2024\/04\/calahonda_delsol_5.jpg\",\"datePublished\":\"2022-01-27T10:58:35+00:00\",\"dateModified\":\"2024-08-29T14:17:38+00:00\",\"breadcrumb\":{\"@id\":\"https:\/\/calahondadelsol.com\/locatie\/#breadcrumb\"},\"inLanguage\":\"it-IT\",\"potentialAction\":[{\"@type\":\"ReadAction\",\"target\":[\"https:\/\/calahondadelsol.com\/locatie\/\"]}]},{\"@type\":\"ImageObject\",\"inLanguage\":\"it-IT\",\"@id\":\"https:\/\/calahondadelsol.com\/locatie\/#primaryimage\",\"url\":\"https:\/\/calahondadelsol.com\/wp-content\/uploads\/sites\/38\/2024\/04\/calahonda_delsol_5.jpg\",\"contentUrl\":\"https:\/\/calahondadelsol.com\/wp-content\/uploads\/sites\/38\/2024\/04\/calahonda_delsol_5.jpg\",\"width\":1920,\"height\":1080},{\"@type\":\"BreadcrumbList\",\"@id\":\"https:\/\/calahondadelsol.com\/locatie\/#breadcrumb\",\"itemListElement\":[{\"@type\":\"ListItem\",\"position\":1,\"name\":\"Home\",\"item\":\"https:\/\/calahondadelsol.com\/\"},{\"@type\":\"ListItem\",\"position\":2,\"name\":\"Locatie\"}]},{\"@type\":\"WebSite\",\"@id\":\"https:\/\/calahondadelsol.com\/#website\",\"url\":\"https:\/\/calahondadelsol.com\/\",\"name\":\"Calahonda del Sol\",\"description\":\"Your new way of life\",\"potentialAction\":[{\"@type\":\"SearchAction\",\"target\":{\"@type\":\"EntryPoint\",\"urlTemplate\":\"https:\/\/calahondadelsol.com\/?s={search_term_string}\"},\"query-input\":{\"@type\":\"PropertyValueSpecification\",\"valueRequired\":true,\"valueName\":\"search_term_string\"}}],\"inLanguage\":\"it-IT\"}]}<\/script>\n<!-- \/ Yoast SEO plugin. -->","yoast_head_json":{"title":"Posizione: Calahonda del Sol","robots":{"index":"index","follow":"follow","max-snippet":"max-snippet:-1","max-image-preview":"max-image-preview:large","max-video-preview":"max-video-preview:-1"},"canonical":"https:\/\/calahondadelsol.com\/it\/posizione\/","og_locale":"it_IT","og_type":"article","og_title":"Locatie - Calahonda del Sol","og_url":"https:\/\/calahondadelsol.com\/it\/posizione\/","og_site_name":"Calahonda del Sol","article_modified_time":"2024-08-29T14:17:38+00:00","og_image":[{"width":1920,"height":1080,"url":"https:\/\/calahondadelsol.com\/wp-content\/uploads\/sites\/38\/2024\/04\/calahonda_delsol_5.jpg","type":"image\/jpeg"}],"twitter_card":"summary_large_image","twitter_misc":{"Tempo di lettura stimato":"7 minuti"},"schema":{"@context":"https:\/\/schema.org","@graph":[{"@type":"WebPage","@id":"https:\/\/calahondadelsol.com\/locatie\/","url":"https:\/\/calahondadelsol.com\/locatie\/","name":"Posizione: Calahonda del Sol","isPartOf":{"@id":"https:\/\/calahondadelsol.com\/#website"},"primaryImageOfPage":{"@id":"https:\/\/calahondadelsol.com\/locatie\/#primaryimage"},"image":{"@id":"https:\/\/calahondadelsol.com\/locatie\/#primaryimage"},"thumbnailUrl":"https:\/\/calahondadelsol.com\/wp-content\/uploads\/sites\/38\/2024\/04\/calahonda_delsol_5.jpg","datePublished":"2022-01-27T10:58:35+00:00","dateModified":"2024-08-29T14:17:38+00:00","breadcrumb":{"@id":"https:\/\/calahondadelsol.com\/locatie\/#breadcrumb"},"inLanguage":"it-IT","potentialAction":[{"@type":"ReadAction","target":["https:\/\/calahondadelsol.com\/locatie\/"]}]},{"@type":"ImageObject","inLanguage":"it-IT","@id":"https:\/\/calahondadelsol.com\/locatie\/#primaryimage","url":"https:\/\/calahondadelsol.com\/wp-content\/uploads\/sites\/38\/2024\/04\/calahonda_delsol_5.jpg","contentUrl":"https:\/\/calahondadelsol.com\/wp-content\/uploads\/sites\/38\/2024\/04\/calahonda_delsol_5.jpg","width":1920,"height":1080},{"@type":"BreadcrumbList","@id":"https:\/\/calahondadelsol.com\/locatie\/#breadcrumb","itemListElement":[{"@type":"ListItem","position":1,"name":"Home","item":"https:\/\/calahondadelsol.com\/"},{"@type":"ListItem","position":2,"name":"Locatie"}]},{"@type":"WebSite","@id":"https:\/\/calahondadelsol.com\/#website","url":"https:\/\/calahondadelsol.com\/","name":"Calahonda del Sol","description":"Il tuo nuovo modo di vivere","potentialAction":[{"@type":"SearchAction","target":{"@type":"EntryPoint","urlTemplate":"https:\/\/calahondadelsol.com\/?s={search_term_string}"},"query-input":{"@type":"PropertyValueSpecification","valueRequired":true,"valueName":"search_term_string"}}],"inLanguage":"it-IT"}]}},"_links":{"self":[{"href":"https:\/\/calahondadelsol.com\/it\/wp-json\/wp\/v2\/pages\/97","targetHints":{"allow":["GET"]}}],"collection":[{"href":"https:\/\/calahondadelsol.com\/it\/wp-json\/wp\/v2\/pages"}],"about":[{"href":"https:\/\/calahondadelsol.com\/it\/wp-json\/wp\/v2\/types\/page"}],"author":[{"embeddable":true,"href":"https:\/\/calahondadelsol.com\/it\/wp-json\/wp\/v2\/users\/1"}],"replies":[{"embeddable":true,"href":"https:\/\/calahondadelsol.com\/it\/wp-json\/wp\/v2\/comments?post=97"}],"version-history":[{"count":33,"href":"https:\/\/calahondadelsol.com\/it\/wp-json\/wp\/v2\/pages\/97\/revisions"}],"predecessor-version":[{"id":4533,"href":"https:\/\/calahondadelsol.com\/it\/wp-json\/wp\/v2\/pages\/97\/revisions\/4533"}],"wp:featuredmedia":[{"embeddable":true,"href":"https:\/\/calahondadelsol.com\/it\/wp-json\/wp\/v2\/media\/4475"}],"wp:attachment":[{"href":"https:\/\/calahondadelsol.com\/it\/wp-json\/wp\/v2\/media?parent=97"}],"curies":[{"name":"wp","href":"https:\/\/api.w.org\/{rel}","templated":true}]}}