{"id":97,"date":"2022-01-27T10:58:35","date_gmt":"2022-01-27T10:58:35","guid":{"rendered":"http:\/\/cognito.mprinsdesign.nl\/?page_id=97"},"modified":"2024-08-29T14:17:38","modified_gmt":"2024-08-29T14:17:38","slug":"lieu","status":"publish","type":"page","link":"https:\/\/calahondadelsol.com\/fr\/lieu\/","title":{"rendered":"lieu"},"content":{"rendered":"<section class=\"wpb-content-wrapper\"><div  class=\"content_row row page-content vc_row wpb_row  default-style fullwidth\" >\n\t\n\t<div class=\"content_row_wrapper  default\" >\n\t<div id=\"asdasd\" class=\"vc_col-sm-12 wpb_column vc_column_container\" >\n\t<div class=\"vc_column-inner\">\n\t\t<div class=\"wpb_wrapper\" >\n\t\t\t<div class=\"rt_heading_wrapper no-style\">\n\t\t\t\t\t\t<h1 class=\"rt_heading  no-style\"  style=\"font-size:24px;margin-top:24px;margin-bottom:0px;\">Lieu - <span class=\"after_h1\">Calahonda del Sol<\/span><\/h1> \n\t\t\t\t\t<\/div><div class=\"vc_empty_space\"   style=\"height: 32px\"><span class=\"vc_empty_space_inner\"><\/span><\/div><div class=\"vc_separator wpb_content_element vc_separator_align_center vc_sep_width_100 vc_sep_style-4 vc_sep_pos_align_center vc_separator_no_text vc_sep_color_grey\" ><span class=\"vc_sep_holder vc_sep_holder_l\"><span class=\"vc_sep_line\"><\/span><\/span><span class=\"vc_sep_holder vc_sep_holder_r\"><span class=\"vc_sep_line\"><\/span><\/span>\n<\/div>\n\t<div class=\"wpb_text_column wpb_content_element\" >\n\t\t<div class=\"wpb_wrapper\">\n\t\t\t<p><strong>Le nouveau complexe Calahonda Sunset est situ\u00e9 sur la Costa del Sol, dans le quartier Calahonda de Mijas. Le quartier Calahonda de Mijas est une zone d&#039;urbanisations prestigieuses, de villas exclusives, de clubs, de terrains de golf, etc. C&#039;est \u00e0 la fois une zone r\u00e9sidentielle et touristique, dont la popularit\u00e9 a augment\u00e9 en raison de son emplacement strat\u00e9gique, de ses services et de son attractivit\u00e9.<\/strong><br \/>\n<strong>environnement avec des paysages naturels, le sentier c\u00f4tier, 14 kilom\u00e8tres de plage, les montagnes et des infrastructures importantes avec tout autour. Mijas est une charmante ville consid\u00e9r\u00e9e comme l&#039;une des meilleures destinations d&#039;Europe pour plusieurs raisons : son climat, sa gastronomie, sa situation, \u00e0 une courte distance de Marbella, Sotogrande et Gibraltar, et son acc\u00e8s facile via l&#039;AP7 et l&#039;a\u00e9roport de Malaga, qui est \u00e0 seulement 35 km.<\/strong><\/p>\n<p>Il y a toujours quelque chose \u00e0 faire sur la Costa del Sol avec sa temp\u00e9rature merveilleuse, ses belles plages et ses nombreux sites touristiques. Gr\u00e2ce \u00e0 la bonne infrastructure, tout est facilement accessible.<\/p>\n<p><strong>Une nature pleine d&#039;activit\u00e9s<\/strong><\/p>\n<p>Ce d\u00e9veloppement est situ\u00e9 \u00e0 Sitio de Calahonda, une charmante urbanisation qui fait partie de la municipalit\u00e9 de Mijas, situ\u00e9e sur la Costa del Sol. Une zone o\u00f9 vous pourrez vous promener, explorer les ruisseaux Calahonda et Las Cabrillas ou visiter le point de vue de Mijas.<\/p>\n<p>La localisation de ce d\u00e9veloppement vous permet de profiter de la tranquillit\u00e9 du quartier et de b\u00e9n\u00e9ficier d&#039;une grande vari\u00e9t\u00e9 de services :<\/p>\n<p>Gardez la forme gr\u00e2ce aux 2 centres de remise en forme, l&#039;un \u00e0 2 minutes en voiture et l&#039;autre \u00e0 6 minutes en voiture. Votre enfant aime le football ? La Pro Football Academy Marbella est \u00e9galement \u00e0 6 minutes. Divers supermarch\u00e9s de diff\u00e9rentes marques et nationalit\u00e9s. Pharmacies, stations-service, \u00e9coles pour diff\u00e9rents \u00e2ges, cliniques et centres de beaut\u00e9, salons de coiffure, v\u00e9t\u00e9rinaires, etc. 14 kilom\u00e8tres de plage o\u00f9 vous pourrez choisir de passer une journ\u00e9e en famille ou de vous d\u00e9tendre au son des vagues.<\/p>\n<p><strong>\u00c9picentre de la Costa del Golf<\/strong><\/p>\n<p>Sachez que si vous \u00eates un professionnel ou souhaitez am\u00e9liorer votre technique, vous disposez d&#039;excellents clubs et terrains de golf \u00e0 proximit\u00e9, tels que : Miraflores et Calanova Golf \u00e0 l&#039;est. Cabopino Golf et Santa Mar\u00eda golf club Marbella \u00e0 l&#039;ouest. Plus de 20 golfs dans un rayon de 50 km.<\/p>\n<p><strong>Acc\u00e8s rapide au reste de la province <\/strong><\/p>\n<p>M\u00e1laga En moins d&#039;1 minute, vous pouvez acc\u00e9der \u00e0 l&#039;AP7 et rejoindre : Fuengirola (20 minutes) Torremolinos (35 minutes)A\u00e9roport de Malaga (36 minutes)Centre et gare de Malaga (42 minutes)Marbella (23\u2032) et Puerto Ban\u00fas (25\u2032 )Estepona 41 minutes, Sotogrande (1 heure)<\/p>\n<p>Depuis le complexe Calahonda Sunset \u00e0 Mijas, il y a aussi bien plus \u00e0 d\u00e9couvrir dans les environs imm\u00e9diats. Voici une liste de quelques activit\u00e9s et sites touristiques \u00e0 ne pas manquer, tous accessibles \u00e0 pied, \u00e0 v\u00e9lo ou \u00e0 quelques minutes en voiture\u00a0:<\/p>\n<ul>\n<li>marcher le long du sentier du littoral (<strong>Sentier Litoral de Mijas<\/strong>) \u2013 Ce magnifique sentier longe le littoral et offre des vues imprenables sur la mer M\u00e9diterran\u00e9e. Il est parfait pour une promenade relaxante ou une balade \u00e0 v\u00e9lo.<\/li>\n<li>exploration de la vieille ville de Mijas (<strong>Village de Mijas<\/strong>) \u2013 Ce village traditionnel blanchi \u00e0 la chaux est nich\u00e9 dans les montagnes et offre un charmant m\u00e9lange d\u2019architecture historique, d\u2019artisanat local et d\u2019exp\u00e9riences gastronomiques. Ne manquez pas les c\u00e9l\u00e8bres taxis \u00e0 dos d&#039;\u00e2ne pour une fa\u00e7on unique de d\u00e9couvrir le village.<\/li>\n<li><strong>le golf<\/strong> \u2013 La r\u00e9gion est connue pour ses excellents terrains de golf. Pr\u00e8s de Calahonda, vous trouverez le club de golf La Siesta et le club de golf Miraflores, id\u00e9aux pour les golfeurs d\u00e9butants et exp\u00e9riment\u00e9s.<\/li>\n<li>visite <strong>Plage de Cabopino<\/strong> \u2013 C\u2019est l\u2019une des plus belles plages de la r\u00e9gion, connue pour son sable fin, ses eaux claires et le pittoresque port de plaisance de Cabopino. C&#039;est un excellent endroit pour bronzer, nager et pratiquer des sports nautiques.<\/li>\n<li>marcher dans le <strong>Sierra de Mija<\/strong>s \u2013 Pour les amoureux de la nature, la Sierra de Mijas offre de magnifiques sentiers de randonn\u00e9e \u00e0 travers les montagnes, avec des vues spectaculaires sur la c\u00f4te et l&#039;int\u00e9rieur des terres.<\/li>\n<li>visite du Jardin Botanique (<strong>Jardin Botanique de la Muralla<\/strong>) \u2013 Ce magnifique jardin de Mijas Pueblo offre une \u00e9vasion paisible avec une vari\u00e9t\u00e9 de plantes et de fleurs, ainsi que des vues impressionnantes sur le littoral.<\/li>\n<li>d\u00e9couvrez le <strong>vignobles locaux<\/strong> \u2013 La r\u00e9gion Andalousie est connue pour ses excellents vins. Il y a plusieurs bons vignobles \u00e0 proximit\u00e9 imm\u00e9diate, qui valent tous vraiment le d\u00e9tour (et une gorg\u00e9e).<\/li>\n<li><strong>l&#039;\u00e9quitation<\/strong> \u2013 Il existe plusieurs centres \u00e9questres pr\u00e8s de Calahonda o\u00f9 vous pourrez faire de l&#039;\u00e9quitation \u00e0 travers la magnifique campagne. C&#039;est une fa\u00e7on fantastique d&#039;explorer la beaut\u00e9 naturelle de la r\u00e9gion.<\/li>\n<li>visite au Parc Aquatique (<strong>Aquamijas<\/strong>) \u2013 Id\u00e9al pour une journ\u00e9e en famille, Aquamijas propose plusieurs toboggans aquatiques, piscines et attractions pour tous les \u00e2ges. C&#039;est \u00e0 une courte distance de Calahonda.<br \/>\nexp\u00e9riences culturelles \u00e0 Mijas \u2013 Ne manquez pas l&#039;occasion de d\u00e9couvrir l&#039;artisanat local tel que la c\u00e9ramique et la maroquinerie. Visitez \u00e9galement le mus\u00e9e ethnographique (Museo Etnogr\u00e1fico) \u00e0 Mijas Pueblo pour un aper\u00e7u plus approfondi de la culture et de l&#039;histoire locales.<\/li>\n<li>go\u00fbter le <strong>gastronomie locale<\/strong> \u2013 La cuisine andalouse est riche et vari\u00e9e. D\u00e9gustez des sp\u00e9cialit\u00e9s locales telles que le gaspacho, les espetos (brochettes de sardines) et le vin doux de la r\u00e9gion. Il existe de nombreux restaurants et bars \u00e0 tapas dans les environs o\u00f9 vous pourrez d\u00e9guster ces d\u00e9lices.<\/li>\n<li><strong>faire du v\u00e9lo le long de la Riviera del Sol<\/strong> \u2013 Prenez votre v\u00e9lo et explorez le magnifique littoral de la Riviera del Sol. L&#039;itin\u00e9raire offre de belles vues et des bars de plage confortables (chiringuitos) o\u00f9 vous pourrez vous arr\u00eater pour prendre une boisson rafra\u00eechissante.<\/li>\n<li>visitez-le <strong>Ch\u00e2teau de Sohail<\/strong> (Fuengirola) \u2013 Situ\u00e9 \u00e0 une courte distance de Calahonda, ce ch\u00e2teau historique offre non seulement une histoire int\u00e9ressante mais aussi des vues spectaculaires sur la mer M\u00e9diterran\u00e9e.<\/li>\n<li><strong>march\u00e9s de Mijas<\/strong> \u2013 Explorez les march\u00e9s locaux o\u00f9 vous trouverez de tout, des produits frais aux souvenirs faits \u00e0 la main. Le march\u00e9 de La Cala de Mijas, qui a lieu tous les mercredis et samedis, vaut vraiment le d\u00e9tour.<\/li>\n<\/ul>\n<p>Avec ces activit\u00e9s et attractions au coin de la rue, vous, votre famille, vos amis ou vos invit\u00e9s passerez un moment inoubliable \u00e0 Mijas et dans ses environs, que vous soyez en qu\u00eate de d\u00e9tente, d&#039;aventure, de culture ou d&#039;exp\u00e9riences culinaires.<\/p>\n\n\t\t<\/div>\n\t<\/div>\n<div class=\"button_wrapper aligncenter\"><a  href=\"\/fr\/plus-dinformation\/\" target=\"_self\" title=\"&gt; demander un dossier d&#039;information\" class=\"button_  style-2 medium\">&gt; demander un dossier d&#039;information<\/a><\/div>\n\t\t<\/div>\n\t<\/div>\n\t<\/div>\n\n<\/div>\n<\/div>\n\n<div  class=\"content_row row room-list vc_row wpb_row  default-style fullwidth\" >\n\t\n\t<div class=\"content_row_wrapper  fullwidth\" >\n\t<div id=\"asdasd\" class=\"vc_col-sm-12 wpb_column vc_column_container\" >\n\t<div class=\"vc_column-inner\">\n\t\t<div class=\"wpb_wrapper\" >\n\t\t\t<div class=\"google_map_holder\" data-height=\"300\" data-scope=\"#map-875806\" data-bw=\"\">\n\n\t\t\t<div id=\"map-875806\" class=\"google_map\"><\/div>\n\t\t\t<script type=\"text\/javascript\">\n\t\t\t \/* <![CDATA[ *\/ \n\t\t\t\t\/\/ Runs google maps\t\n\t\t\t\t\tjQuery(function() {\n\t\t\t\t\t\tjQuery(\"#map-875806\").rt_maps([[\"Calahonda - Mijas\", 36.5115, -4.7302, 4,\"Calahonda Sunset &#8211; Costa del Calahonda\"],],10); \n\t\t\t\t\t});\n\t\t\t\/* ]]> *\/\t\n\t\t\t<\/script>\n\n\t\t<\/div><div class=\"vc_empty_space\"   style=\"height: 90px\"><span class=\"vc_empty_space_inner\"><\/span><\/div><div class=\"rt_quote\"  >\n\t\t\t\t\t\t\t<p>\n\t\t\t\t\t\t\t\t<span class=\"icon-quote-left\"><\/span>\n\t\t\t\t\t\t\t\t<\/p>\n<p id=\"tw-target-text\" class=\"tw-data-text tw-text-large tw-ta\" dir=\"ltr\" data-placeholder=\"Vertaling\" data-ved=\"2ahUKEwjrwKua7ISEAxXezgIHHeULBkAQ3ewLegQIBRAQ\"><span class=\"Y2IQFc\" lang=\"nl\">Un endroit pour profiter de l&#039;environnement, de la tranquillit\u00e9, de la vie des villes et villages voisins et de l&#039;exclusivit\u00e9 d&#039;une enclave unique.<\/span><\/p>\n<p>\n\t\t\t\t\t\t\t\t<span class=\"icon-quote-right\"><\/span>\n\t\t\t\t\t\t\t<\/p>\n\t\t\t\t\t\t\t\n\t\t\t\t\t<\/div>\n\t\t<\/div>\n\t<\/div>\n\t<\/div>\n\n<\/div>\n<\/div>\n\n<div  class=\"content_row row vc_row wpb_row  default-style fullwidth\" >\n\t\n\t<div class=\"content_row_wrapper  default\" >\n\t<div id=\"asdasd\" class=\"vc_col-sm-12 wpb_column vc_column_container\" >\n\t<div class=\"vc_column-inner\">\n\t\t<div class=\"wpb_wrapper\" >\n\t\t\t\n\t\t<div  class=\"info_box margin-b20 clearfix announcement announcement\" data-rt-animate=\"animate\" data-rt-animation-type=\"fadeInDown\" data-rt-animation-group=\"single\">\n\t\t\t<span class=\"icon-cancel\"><\/span>\n\t\t\t<p class=\"icon-megaphone-1\">\n\t\t\t\t<\/p>\n<ul>\n<li>A\u00e9roport (50-100 km)<\/li>\n<li>Plage (1-2 km)<\/li>\n<li>\u00a0Mer (1-2 km)<\/li>\n<li>Vue mer<\/li>\n<li>Vue sur les collines<\/li>\n<li>Vue de la ville<\/li>\n<li>Arr\u00eat de bus au complexe<\/li>\n<li>Commerces\/centre commercial accessibles \u00e0 pied<\/li>\n<li>Bars\/Restaurants accessibles \u00e0 pied<\/li>\n<li>Estepona (finaliste europ\u00e9enne pour la ville de l&#039;ann\u00e9e 2023)<\/li>\n<\/ul>\n<p>\n\t\t\t<\/p>\n\t\t<\/div>\n\t\n\t\t<\/div>\n\t<\/div>\n\t<\/div>\n\n<\/div>\n<\/div>\n\n<div  class=\"content_row row vc_row wpb_row  default-style fullwidth\" >\n\t\n\t<div class=\"content_row_wrapper  default\" >\n\t<div id=\"asdasd\" class=\"vc_col-sm-12 wpb_column vc_column_container\" >\n\t<div class=\"vc_column-inner\">\n\t\t<div class=\"wpb_wrapper\" >\n\t\t\t<div class=\"button_wrapper aligncenter\"><a  href=\"\/fr\/plus-dinformation\/\" target=\"_self\" title=\"&gt; demander un dossier d&#039;information\" class=\"button_  style-2 medium\">&gt; demander un dossier d&#039;information<\/a><\/div>\n\t\t<\/div>\n\t<\/div>\n\t<\/div>\n\n<\/div>\n<\/div>\n<\/section>","protected":false},"excerpt":{"rendered":"<p>\u2026 <a class=\"more-link\" href=\"https:\/\/calahondadelsol.com\/fr\/lieu\/\">continuer la lecture<\/a><\/p>","protected":false},"author":1,"featured_media":4475,"parent":0,"menu_order":5,"comment_status":"closed","ping_status":"closed","template":"","meta":{"footnotes":""},"class_list":["post-97","page","type-page","status-publish","has-post-thumbnail","hentry"],"yoast_head":"<!-- This site is optimized with the Yoast SEO plugin v26.0 - https:\/\/yoast.com\/wordpress\/plugins\/seo\/ -->\n<title>Locatie - Calahonda del Sol<\/title>\n<meta name=\"robots\" content=\"index, follow, max-snippet:-1, max-image-preview:large, max-video-preview:-1\" \/>\n<link rel=\"canonical\" href=\"https:\/\/calahondadelsol.com\/fr\/lieu\/\" \/>\n<meta property=\"og:locale\" content=\"fr_FR\" \/>\n<meta property=\"og:type\" content=\"article\" \/>\n<meta property=\"og:title\" content=\"Locatie - Calahonda del Sol\" \/>\n<meta property=\"og:url\" content=\"https:\/\/calahondadelsol.com\/fr\/lieu\/\" \/>\n<meta property=\"og:site_name\" content=\"Calahonda del Sol\" \/>\n<meta property=\"article:modified_time\" content=\"2024-08-29T14:17:38+00:00\" \/>\n<meta property=\"og:image\" content=\"https:\/\/calahondadelsol.com\/wp-content\/uploads\/sites\/38\/2024\/04\/calahonda_delsol_5.jpg\" \/>\n\t<meta property=\"og:image:width\" content=\"1920\" \/>\n\t<meta property=\"og:image:height\" content=\"1080\" \/>\n\t<meta property=\"og:image:type\" content=\"image\/jpeg\" \/>\n<meta name=\"twitter:card\" content=\"summary_large_image\" \/>\n<meta name=\"twitter:label1\" content=\"Dur\u00e9e de lecture estim\u00e9e\" \/>\n\t<meta name=\"twitter:data1\" content=\"7 minutes\" \/>\n<script type=\"application\/ld+json\" class=\"yoast-schema-graph\">{\"@context\":\"https:\/\/schema.org\",\"@graph\":[{\"@type\":\"WebPage\",\"@id\":\"https:\/\/calahondadelsol.com\/locatie\/\",\"url\":\"https:\/\/calahondadelsol.com\/locatie\/\",\"name\":\"Locatie - Calahonda del Sol\",\"isPartOf\":{\"@id\":\"https:\/\/calahondadelsol.com\/#website\"},\"primaryImageOfPage\":{\"@id\":\"https:\/\/calahondadelsol.com\/locatie\/#primaryimage\"},\"image\":{\"@id\":\"https:\/\/calahondadelsol.com\/locatie\/#primaryimage\"},\"thumbnailUrl\":\"https:\/\/calahondadelsol.com\/wp-content\/uploads\/sites\/38\/2024\/04\/calahonda_delsol_5.jpg\",\"datePublished\":\"2022-01-27T10:58:35+00:00\",\"dateModified\":\"2024-08-29T14:17:38+00:00\",\"breadcrumb\":{\"@id\":\"https:\/\/calahondadelsol.com\/locatie\/#breadcrumb\"},\"inLanguage\":\"fr-FR\",\"potentialAction\":[{\"@type\":\"ReadAction\",\"target\":[\"https:\/\/calahondadelsol.com\/locatie\/\"]}]},{\"@type\":\"ImageObject\",\"inLanguage\":\"fr-FR\",\"@id\":\"https:\/\/calahondadelsol.com\/locatie\/#primaryimage\",\"url\":\"https:\/\/calahondadelsol.com\/wp-content\/uploads\/sites\/38\/2024\/04\/calahonda_delsol_5.jpg\",\"contentUrl\":\"https:\/\/calahondadelsol.com\/wp-content\/uploads\/sites\/38\/2024\/04\/calahonda_delsol_5.jpg\",\"width\":1920,\"height\":1080},{\"@type\":\"BreadcrumbList\",\"@id\":\"https:\/\/calahondadelsol.com\/locatie\/#breadcrumb\",\"itemListElement\":[{\"@type\":\"ListItem\",\"position\":1,\"name\":\"Home\",\"item\":\"https:\/\/calahondadelsol.com\/\"},{\"@type\":\"ListItem\",\"position\":2,\"name\":\"Locatie\"}]},{\"@type\":\"WebSite\",\"@id\":\"https:\/\/calahondadelsol.com\/#website\",\"url\":\"https:\/\/calahondadelsol.com\/\",\"name\":\"Calahonda del Sol\",\"description\":\"Your new way of life\",\"potentialAction\":[{\"@type\":\"SearchAction\",\"target\":{\"@type\":\"EntryPoint\",\"urlTemplate\":\"https:\/\/calahondadelsol.com\/?s={search_term_string}\"},\"query-input\":{\"@type\":\"PropertyValueSpecification\",\"valueRequired\":true,\"valueName\":\"search_term_string\"}}],\"inLanguage\":\"fr-FR\"}]}<\/script>\n<!-- \/ Yoast SEO plugin. -->","yoast_head_json":{"title":"Localisation - Calahonda del Sol","robots":{"index":"index","follow":"follow","max-snippet":"max-snippet:-1","max-image-preview":"max-image-preview:large","max-video-preview":"max-video-preview:-1"},"canonical":"https:\/\/calahondadelsol.com\/fr\/lieu\/","og_locale":"fr_FR","og_type":"article","og_title":"Locatie - Calahonda del Sol","og_url":"https:\/\/calahondadelsol.com\/fr\/lieu\/","og_site_name":"Calahonda del Sol","article_modified_time":"2024-08-29T14:17:38+00:00","og_image":[{"width":1920,"height":1080,"url":"https:\/\/calahondadelsol.com\/wp-content\/uploads\/sites\/38\/2024\/04\/calahonda_delsol_5.jpg","type":"image\/jpeg"}],"twitter_card":"summary_large_image","twitter_misc":{"Dur\u00e9e de lecture estim\u00e9e":"7 minutes"},"schema":{"@context":"https:\/\/schema.org","@graph":[{"@type":"WebPage","@id":"https:\/\/calahondadelsol.com\/locatie\/","url":"https:\/\/calahondadelsol.com\/locatie\/","name":"Localisation - Calahonda del Sol","isPartOf":{"@id":"https:\/\/calahondadelsol.com\/#website"},"primaryImageOfPage":{"@id":"https:\/\/calahondadelsol.com\/locatie\/#primaryimage"},"image":{"@id":"https:\/\/calahondadelsol.com\/locatie\/#primaryimage"},"thumbnailUrl":"https:\/\/calahondadelsol.com\/wp-content\/uploads\/sites\/38\/2024\/04\/calahonda_delsol_5.jpg","datePublished":"2022-01-27T10:58:35+00:00","dateModified":"2024-08-29T14:17:38+00:00","breadcrumb":{"@id":"https:\/\/calahondadelsol.com\/locatie\/#breadcrumb"},"inLanguage":"fr-FR","potentialAction":[{"@type":"ReadAction","target":["https:\/\/calahondadelsol.com\/locatie\/"]}]},{"@type":"ImageObject","inLanguage":"fr-FR","@id":"https:\/\/calahondadelsol.com\/locatie\/#primaryimage","url":"https:\/\/calahondadelsol.com\/wp-content\/uploads\/sites\/38\/2024\/04\/calahonda_delsol_5.jpg","contentUrl":"https:\/\/calahondadelsol.com\/wp-content\/uploads\/sites\/38\/2024\/04\/calahonda_delsol_5.jpg","width":1920,"height":1080},{"@type":"BreadcrumbList","@id":"https:\/\/calahondadelsol.com\/locatie\/#breadcrumb","itemListElement":[{"@type":"ListItem","position":1,"name":"Home","item":"https:\/\/calahondadelsol.com\/"},{"@type":"ListItem","position":2,"name":"Locatie"}]},{"@type":"WebSite","@id":"https:\/\/calahondadelsol.com\/#website","url":"https:\/\/calahondadelsol.com\/","name":"Calahonda del Sol","description":"Votre nouveau mode de vie","potentialAction":[{"@type":"SearchAction","target":{"@type":"EntryPoint","urlTemplate":"https:\/\/calahondadelsol.com\/?s={search_term_string}"},"query-input":{"@type":"PropertyValueSpecification","valueRequired":true,"valueName":"search_term_string"}}],"inLanguage":"fr-FR"}]}},"_links":{"self":[{"href":"https:\/\/calahondadelsol.com\/fr\/wp-json\/wp\/v2\/pages\/97","targetHints":{"allow":["GET"]}}],"collection":[{"href":"https:\/\/calahondadelsol.com\/fr\/wp-json\/wp\/v2\/pages"}],"about":[{"href":"https:\/\/calahondadelsol.com\/fr\/wp-json\/wp\/v2\/types\/page"}],"author":[{"embeddable":true,"href":"https:\/\/calahondadelsol.com\/fr\/wp-json\/wp\/v2\/users\/1"}],"replies":[{"embeddable":true,"href":"https:\/\/calahondadelsol.com\/fr\/wp-json\/wp\/v2\/comments?post=97"}],"version-history":[{"count":33,"href":"https:\/\/calahondadelsol.com\/fr\/wp-json\/wp\/v2\/pages\/97\/revisions"}],"predecessor-version":[{"id":4533,"href":"https:\/\/calahondadelsol.com\/fr\/wp-json\/wp\/v2\/pages\/97\/revisions\/4533"}],"wp:featuredmedia":[{"embeddable":true,"href":"https:\/\/calahondadelsol.com\/fr\/wp-json\/wp\/v2\/media\/4475"}],"wp:attachment":[{"href":"https:\/\/calahondadelsol.com\/fr\/wp-json\/wp\/v2\/media?parent=97"}],"curies":[{"name":"wp","href":"https:\/\/api.w.org\/{rel}","templated":true}]}}