{"id":97,"date":"2022-01-27T10:58:35","date_gmt":"2022-01-27T10:58:35","guid":{"rendered":"http:\/\/cognito.mprinsdesign.nl\/?page_id=97"},"modified":"2024-08-29T14:17:38","modified_gmt":"2024-08-29T14:17:38","slug":"standort","status":"publish","type":"page","link":"https:\/\/calahondadelsol.com\/de\/standort\/","title":{"rendered":"Standort"},"content":{"rendered":"<section class=\"wpb-content-wrapper\"><div  class=\"content_row row page-content vc_row wpb_row  default-style fullwidth\" >\n\t\n\t<div class=\"content_row_wrapper  default\" >\n\t<div id=\"asdasd\" class=\"vc_col-sm-12 wpb_column vc_column_container\" >\n\t<div class=\"vc_column-inner\">\n\t\t<div class=\"wpb_wrapper\" >\n\t\t\t<div class=\"rt_heading_wrapper no-style\">\n\t\t\t\t\t\t<h1 class=\"rt_heading  no-style\"  style=\"font-size:24px;margin-top:24px;margin-bottom:0px;\">Standort - <span class=\"after_h1\">Calahonda del Sol<\/span><\/h1> \n\t\t\t\t\t<\/div><div class=\"vc_empty_space\"   style=\"height: 32px\"><span class=\"vc_empty_space_inner\"><\/span><\/div><div class=\"vc_separator wpb_content_element vc_separator_align_center vc_sep_width_100 vc_sep_style-4 vc_sep_pos_align_center vc_separator_no_text vc_sep_color_grey\" ><span class=\"vc_sep_holder vc_sep_holder_l\"><span class=\"vc_sep_line\"><\/span><\/span><span class=\"vc_sep_holder vc_sep_holder_r\"><span class=\"vc_sep_line\"><\/span><\/span>\n<\/div>\n\t<div class=\"wpb_text_column wpb_content_element\" >\n\t\t<div class=\"wpb_wrapper\">\n\t\t\t<p><strong>Der Neubaukomplex Calahonda Sunset liegt an der Costa del Sol, im Stadtteil Calahonda von Mijas. Das Calahonda-Gebiet von Mijas ist ein Gebiet mit prestigetr\u00e4chtigen Urbanisationen, exklusiven Villen, Clubs, Golfpl\u00e4tzen usw. Es ist sowohl ein Wohn- als auch ein Touristengebiet, dessen Beliebtheit aufgrund seiner strategischen Lage, seiner Dienstleistungen und seiner Attraktivit\u00e4t zugenommen hat<\/strong><br \/>\n<strong>Umgebung mit Naturlandschaften, dem K\u00fcstenweg, 14 Kilometern Strand, den Bergen und wichtigen Infrastrukturen mit allem drumherum. Mijas ist eine charmante Stadt, die aus mehreren Gr\u00fcnden als eines der besten Reiseziele in Europa gilt: ihr Klima, ihre Gastronomie, ihre Lage, die N\u00e4he zu Marbella, Sotogrande und Gibraltar und ihre einfache Erreichbarkeit \u00fcber die AP7 und den Flughafen M\u00e1laga ist nur 35 km entfernt.<\/strong><\/p>\n<p>An der Costa del Sol gibt es mit ihren wunderbaren Temperaturen, wundersch\u00f6nen Str\u00e4nden und vielen Sehensw\u00fcrdigkeiten immer etwas zu unternehmen. Dank der guten Infrastruktur ist alles gut erreichbar.<\/p>\n<p><strong>Natur voller Aktivit\u00e4ten<\/strong><\/p>\n<p>Diese Entwicklung befindet sich in Sitio de Calahonda, einer charmanten Urbanisation, die zur Gemeinde Mijas an der Costa del Sol geh\u00f6rt. Ein Gebiet, in dem Sie spazieren gehen, die B\u00e4che Calahonda und Las Cabrillas erkunden oder den Aussichtspunkt Mijas besuchen k\u00f6nnen.<\/p>\n<p>Die Lage dieser Anlage erm\u00f6glicht es Ihnen, die Ruhe der Gegend zu genie\u00dfen und von einer Vielzahl an Dienstleistungen zu profitieren:<\/p>\n<p>Halten Sie sich fit mit 2 Fitnesscentern, eines 2 Autominuten und das andere 6 Autominuten entfernt. Mag Ihr Kind Fu\u00dfball? Die Pro Football Academy Marbella ist ebenfalls 6 Minuten entfernt. Verschiedene Superm\u00e4rkte verschiedener Marken und Nationalit\u00e4ten. Apotheken, Tankstellen, Schulen f\u00fcr verschiedene Altersgruppen, Kliniken und Sch\u00f6nheitszentren, Friseursalons, Tier\u00e4rzte usw. 14 Kilometer Strand, an dem Sie w\u00e4hlen k\u00f6nnen, ob Sie einen Tag mit der Familie verbringen oder beim Rauschen der Wellen entspannen m\u00f6chten.<\/p>\n<p><strong>Epizentrum der Costa del Golf<\/strong><\/p>\n<p>Seien Sie sich dar\u00fcber im Klaren, dass Sie, wenn Sie ein Profi sind oder Ihre Technik verbessern m\u00f6chten, ausgezeichnete Clubs und Golfpl\u00e4tze in der N\u00e4he haben, wie zum Beispiel: Miraflores und Calanova Golf im Osten. Cabopino Golf und Santa Mar\u00eda Golf Club Marbella im Westen. Mehr als 20 Golfpl\u00e4tze im Umkreis von 50 km.<\/p>\n<p><strong>Schneller Zugang zum Rest der Provinz <\/strong><\/p>\n<p>M\u00e1laga In weniger als 1 Minute k\u00f6nnen Sie \u00fcber die AP7 erreichen und erreichen: Fuengirola (20 Minuten) Torremolinos (35 Minuten)Flughafen M\u00e1laga (36 Minuten)Zentrum und Bahnhof von M\u00e1laga (42 Minuten)Marbella (23\u2032) und Puerto Ban\u00fas (25\u2032) )Estepona 41 Minuten, Sotogrande (1 Stunde)<\/p>\n<p>Von der Anlage Calahonda Sunset in Mijas aus gibt es auch in unmittelbarer N\u00e4he noch viel mehr zu entdecken. Hier ist eine Liste einiger Aktivit\u00e4ten und Sehensw\u00fcrdigkeiten, die Sie auf keinen Fall verpassen sollten, alle zu Fu\u00df, mit dem Fahrrad oder in einer kurzen Autofahrt erreichbar:<\/p>\n<ul>\n<li>Gehen Sie den K\u00fcstenweg entlang (<strong>Senda Litoral de Mijas<\/strong>) \u2013 Dieser wundersch\u00f6ne Weg verl\u00e4uft entlang der K\u00fcste und bietet atemberaubende Ausblicke auf das Mittelmeer. Es eignet sich perfekt f\u00fcr einen erholsamen Spaziergang oder eine Radtour.<\/li>\n<li>Erkundung der Altstadt von Mijas (<strong>Mijas Pueblo<\/strong>) \u2013 Dieses traditionelle, wei\u00df get\u00fcnchte Dorf liegt eingebettet in die Berge und bietet eine charmante Mischung aus historischer Architektur, lokalem Kunsthandwerk und gastronomischen Erlebnissen. Verpassen Sie nicht die ber\u00fchmten Eseltaxis, mit denen Sie das Dorf auf einzigartige Weise erkunden k\u00f6nnen.<\/li>\n<li><strong>Golf<\/strong> \u2013 Die Region ist f\u00fcr ihre hervorragenden Golfpl\u00e4tze bekannt. In der N\u00e4he von Calahonda finden Sie den La Siesta Golf Club und den Miraflores Golf Club, ideal f\u00fcr Anf\u00e4nger und erfahrene Golfer.<\/li>\n<li>besuchen <strong>Cabopino-Strand<\/strong> \u2013 Dies ist einer der sch\u00f6nsten Str\u00e4nde der Gegend, bekannt f\u00fcr seinen feinen Sand, sein klares Wasser und den malerischen Yachthafen von Cabopino. Es ist ein ausgezeichneter Ort zum Sonnenbaden, Schwimmen und f\u00fcr Wassersport.<\/li>\n<li>Gehen in der <strong>Sierra de Mija<\/strong>s \u2013 F\u00fcr Naturliebhaber bietet die Sierra de Mijas wundersch\u00f6ne Wanderwege durch die Berge mit spektakul\u00e4ren Ausblicken auf die K\u00fcste und das Landesinnere.<\/li>\n<li>Besuch im Botanischen Garten (<strong>Jardin Botanico de la Muralla<\/strong>) \u2013 Dieser wundersch\u00f6ne Garten in Mijas Pueblo bietet einen ruhigen R\u00fcckzugsort mit einer Vielzahl von Pflanzen und Blumen sowie einen beeindruckenden Blick auf die K\u00fcste.<\/li>\n<li>Entdecken Sie die <strong>lokale Weinberge<\/strong> \u2013 Die Region Andalusien ist f\u00fcr ihre hervorragenden Weine bekannt. In unmittelbarer N\u00e4he gibt es mehrere gute Weinberge, die alle auf jeden Fall einen Besuch (und einen Schluck) wert sind.<\/li>\n<li><strong>Pferde-Reiten<\/strong> \u2013 In der N\u00e4he von Calahonda gibt es mehrere Reitschulen, in denen Sie durch die wundersch\u00f6ne Landschaft reiten k\u00f6nnen. Dies ist eine fantastische M\u00f6glichkeit, die nat\u00fcrliche Sch\u00f6nheit der Region zu erkunden.<\/li>\n<li>Besuch im Wasserpark (<strong>Aquamijas<\/strong>) \u2013 Aquamijas ist ideal f\u00fcr einen Familientag und bietet mehrere Wasserrutschen, Pools und Attraktionen f\u00fcr alle Altersgruppen. Es liegt nicht weit von Calahonda entfernt.<br \/>\nKulturerlebnisse in Mijas \u2013 Verpassen Sie nicht die Gelegenheit, lokales Kunsthandwerk wie Keramik und Lederwaren zu entdecken. Besuchen Sie auch das Ethnografische Museum (Museo Etnogr\u00e1fico) in Mijas Pueblo, um einen tieferen Einblick in die lokale Kultur und Geschichte zu erhalten.<\/li>\n<li>Probieren Sie das <strong>lokale Gastronomie<\/strong> \u2013 Die andalusische K\u00fcche ist reichhaltig und abwechslungsreich. Genie\u00dfen Sie lokale Spezialit\u00e4ten wie Gazpacho, Espetos (Sardinenspie\u00dfe) und den s\u00fc\u00dfen Wein der Region. In der Umgebung gibt es zahlreiche Restaurants und Tapas-Bars, in denen Sie diese K\u00f6stlichkeiten genie\u00dfen k\u00f6nnen.<\/li>\n<li><strong>Radfahren entlang der Riviera del Sol<\/strong> \u2013 Schnappen Sie sich Ihr Fahrrad und erkunden Sie die wundersch\u00f6ne K\u00fcste entlang der Riviera del Sol. Die Route bietet wundersch\u00f6ne Ausblicke und gem\u00fctliche Strandbars (Chiringuitos), wo Sie auf ein erfrischendes Getr\u00e4nk einkehren k\u00f6nnen.<\/li>\n<li>Besuche es <strong>Schloss Sohail<\/strong> (Fuengirola) \u2013 Diese historische Burg liegt nicht weit von Calahonda entfernt und bietet nicht nur eine interessante Geschichte, sondern auch spektakul\u00e4re Ausblicke \u00fcber das Mittelmeer.<\/li>\n<li><strong>M\u00e4rkte von Mijas<\/strong> \u2013 Erkunden Sie die lokalen M\u00e4rkte, auf denen Sie alles von frischen Produkten bis hin zu handgefertigten Souvenirs finden. Der Markt in La Cala de Mijas, der jeden Mittwoch und Samstag stattfindet, ist auf jeden Fall einen Besuch wert.<\/li>\n<\/ul>\n<p>Mit diesen Aktivit\u00e4ten und Attraktionen gleich um die Ecke werden Sie, Ihre Familie, Freunde oder G\u00e4ste eine unvergessliche Zeit in Mijas und der umliegenden Region verbringen, egal ob Sie auf der Suche nach Entspannung, Abenteuer, Kultur oder kulinarischen Erlebnissen sind.<\/p>\n\n\t\t<\/div>\n\t<\/div>\n<div class=\"button_wrapper aligncenter\"><a  href=\"\/de\/mehr-informationen\/\" target=\"_self\" title=\"&gt; Fordern Sie ein Informationspaket an\" class=\"button_  style-2 medium\">&gt; Fordern Sie ein Informationspaket an<\/a><\/div>\n\t\t<\/div>\n\t<\/div>\n\t<\/div>\n\n<\/div>\n<\/div>\n\n<div  class=\"content_row row room-list vc_row wpb_row  default-style fullwidth\" >\n\t\n\t<div class=\"content_row_wrapper  fullwidth\" >\n\t<div id=\"asdasd\" class=\"vc_col-sm-12 wpb_column vc_column_container\" >\n\t<div class=\"vc_column-inner\">\n\t\t<div class=\"wpb_wrapper\" >\n\t\t\t<div class=\"google_map_holder\" data-height=\"300\" data-scope=\"#map-763389\" data-bw=\"\">\n\n\t\t\t<div id=\"map-763389\" class=\"google_map\"><\/div>\n\t\t\t<script type=\"text\/javascript\">\n\t\t\t \/* <![CDATA[ *\/ \n\t\t\t\t\/\/ Runs google maps\t\n\t\t\t\t\tjQuery(function() {\n\t\t\t\t\t\tjQuery(\"#map-763389\").rt_maps([[\"Calahonda - Mijas\", 36.5115, -4.7302, 4,\"Calahonda Sunset &#8211; Costa del Calahonda\"],],10); \n\t\t\t\t\t});\n\t\t\t\/* ]]> *\/\t\n\t\t\t<\/script>\n\n\t\t<\/div><div class=\"vc_empty_space\"   style=\"height: 90px\"><span class=\"vc_empty_space_inner\"><\/span><\/div><div class=\"rt_quote\"  >\n\t\t\t\t\t\t\t<p>\n\t\t\t\t\t\t\t\t<span class=\"icon-quote-left\"><\/span>\n\t\t\t\t\t\t\t\t<\/p>\n<p id=\"tw-target-text\" class=\"tw-data-text tw-text-large tw-ta\" dir=\"ltr\" data-placeholder=\"Vertaling\" data-ved=\"2ahUKEwjrwKua7ISEAxXezgIHHeULBkAQ3ewLegQIBRAQ\"><span class=\"Y2IQFc\" lang=\"nl\">Ein Ort, an dem Sie die Umgebung, die Ruhe, das Leben in den umliegenden St\u00e4dten und D\u00f6rfern und die Exklusivit\u00e4t einer einzigartigen Enklave genie\u00dfen k\u00f6nnen.<\/span><\/p>\n<p>\n\t\t\t\t\t\t\t\t<span class=\"icon-quote-right\"><\/span>\n\t\t\t\t\t\t\t<\/p>\n\t\t\t\t\t\t\t\n\t\t\t\t\t<\/div>\n\t\t<\/div>\n\t<\/div>\n\t<\/div>\n\n<\/div>\n<\/div>\n\n<div  class=\"content_row row vc_row wpb_row  default-style fullwidth\" >\n\t\n\t<div class=\"content_row_wrapper  default\" >\n\t<div id=\"asdasd\" class=\"vc_col-sm-12 wpb_column vc_column_container\" >\n\t<div class=\"vc_column-inner\">\n\t\t<div class=\"wpb_wrapper\" >\n\t\t\t\n\t\t<div  class=\"info_box margin-b20 clearfix announcement announcement\" data-rt-animate=\"animate\" data-rt-animation-type=\"fadeInDown\" data-rt-animation-group=\"single\">\n\t\t\t<span class=\"icon-cancel\"><\/span>\n\t\t\t<p class=\"icon-megaphone-1\">\n\t\t\t\t<\/p>\n<ul>\n<li>Flughafen (50-100 km)<\/li>\n<li>Strand (1-2 km)<\/li>\n<li>\u00a0Meer (1-2 km)<\/li>\n<li>Meerblick<\/li>\n<li>Blick auf die H\u00fcgel<\/li>\n<li>Stadtblick<\/li>\n<li>Bushaltestelle am Komplex<\/li>\n<li>Gesch\u00e4fte\/Einkaufszentrum fu\u00dfl\u00e4ufig erreichbar<\/li>\n<li>Bars\/Restaurants zu Fu\u00df erreichbar<\/li>\n<li>Estepona (europ\u00e4ischer Finalist f\u00fcr die Stadt des Jahres 2023)<\/li>\n<\/ul>\n<p>\n\t\t\t<\/p>\n\t\t<\/div>\n\t\n\t\t<\/div>\n\t<\/div>\n\t<\/div>\n\n<\/div>\n<\/div>\n\n<div  class=\"content_row row vc_row wpb_row  default-style fullwidth\" >\n\t\n\t<div class=\"content_row_wrapper  default\" >\n\t<div id=\"asdasd\" class=\"vc_col-sm-12 wpb_column vc_column_container\" >\n\t<div class=\"vc_column-inner\">\n\t\t<div class=\"wpb_wrapper\" >\n\t\t\t<div class=\"button_wrapper aligncenter\"><a  href=\"\/de\/mehr-informationen\/\" target=\"_self\" title=\"&gt; Fordern Sie ein Informationspaket an\" class=\"button_  style-2 medium\">&gt; Fordern Sie ein Informationspaket an<\/a><\/div>\n\t\t<\/div>\n\t<\/div>\n\t<\/div>\n\n<\/div>\n<\/div>\n<\/section>","protected":false},"excerpt":{"rendered":"<p>\u2026 <a class=\"more-link\" href=\"https:\/\/calahondadelsol.com\/de\/standort\/\">Weiterlesen<\/a><\/p>","protected":false},"author":1,"featured_media":4475,"parent":0,"menu_order":5,"comment_status":"closed","ping_status":"closed","template":"","meta":{"footnotes":""},"class_list":["post-97","page","type-page","status-publish","has-post-thumbnail","hentry"],"yoast_head":"<!-- This site is optimized with the Yoast SEO plugin v26.0 - https:\/\/yoast.com\/wordpress\/plugins\/seo\/ -->\n<title>Locatie - Calahonda del Sol<\/title>\n<meta name=\"robots\" content=\"index, follow, max-snippet:-1, max-image-preview:large, max-video-preview:-1\" \/>\n<link rel=\"canonical\" href=\"https:\/\/calahondadelsol.com\/de\/standort\/\" \/>\n<meta property=\"og:locale\" content=\"de_DE\" \/>\n<meta property=\"og:type\" content=\"article\" \/>\n<meta property=\"og:title\" content=\"Locatie - Calahonda del Sol\" \/>\n<meta property=\"og:url\" content=\"https:\/\/calahondadelsol.com\/de\/standort\/\" \/>\n<meta property=\"og:site_name\" content=\"Calahonda del Sol\" \/>\n<meta property=\"article:modified_time\" content=\"2024-08-29T14:17:38+00:00\" \/>\n<meta property=\"og:image\" content=\"https:\/\/calahondadelsol.com\/wp-content\/uploads\/sites\/38\/2024\/04\/calahonda_delsol_5.jpg\" \/>\n\t<meta property=\"og:image:width\" content=\"1920\" \/>\n\t<meta property=\"og:image:height\" content=\"1080\" \/>\n\t<meta property=\"og:image:type\" content=\"image\/jpeg\" \/>\n<meta name=\"twitter:card\" content=\"summary_large_image\" \/>\n<meta name=\"twitter:label1\" content=\"Gesch\u00e4tzte Lesezeit\" \/>\n\t<meta name=\"twitter:data1\" content=\"7\u00a0Minuten\" \/>\n<script type=\"application\/ld+json\" class=\"yoast-schema-graph\">{\"@context\":\"https:\/\/schema.org\",\"@graph\":[{\"@type\":\"WebPage\",\"@id\":\"https:\/\/calahondadelsol.com\/locatie\/\",\"url\":\"https:\/\/calahondadelsol.com\/locatie\/\",\"name\":\"Locatie - Calahonda del Sol\",\"isPartOf\":{\"@id\":\"https:\/\/calahondadelsol.com\/#website\"},\"primaryImageOfPage\":{\"@id\":\"https:\/\/calahondadelsol.com\/locatie\/#primaryimage\"},\"image\":{\"@id\":\"https:\/\/calahondadelsol.com\/locatie\/#primaryimage\"},\"thumbnailUrl\":\"https:\/\/calahondadelsol.com\/wp-content\/uploads\/sites\/38\/2024\/04\/calahonda_delsol_5.jpg\",\"datePublished\":\"2022-01-27T10:58:35+00:00\",\"dateModified\":\"2024-08-29T14:17:38+00:00\",\"breadcrumb\":{\"@id\":\"https:\/\/calahondadelsol.com\/locatie\/#breadcrumb\"},\"inLanguage\":\"de\",\"potentialAction\":[{\"@type\":\"ReadAction\",\"target\":[\"https:\/\/calahondadelsol.com\/locatie\/\"]}]},{\"@type\":\"ImageObject\",\"inLanguage\":\"de\",\"@id\":\"https:\/\/calahondadelsol.com\/locatie\/#primaryimage\",\"url\":\"https:\/\/calahondadelsol.com\/wp-content\/uploads\/sites\/38\/2024\/04\/calahonda_delsol_5.jpg\",\"contentUrl\":\"https:\/\/calahondadelsol.com\/wp-content\/uploads\/sites\/38\/2024\/04\/calahonda_delsol_5.jpg\",\"width\":1920,\"height\":1080},{\"@type\":\"BreadcrumbList\",\"@id\":\"https:\/\/calahondadelsol.com\/locatie\/#breadcrumb\",\"itemListElement\":[{\"@type\":\"ListItem\",\"position\":1,\"name\":\"Home\",\"item\":\"https:\/\/calahondadelsol.com\/\"},{\"@type\":\"ListItem\",\"position\":2,\"name\":\"Locatie\"}]},{\"@type\":\"WebSite\",\"@id\":\"https:\/\/calahondadelsol.com\/#website\",\"url\":\"https:\/\/calahondadelsol.com\/\",\"name\":\"Calahonda del Sol\",\"description\":\"Your new way of life\",\"potentialAction\":[{\"@type\":\"SearchAction\",\"target\":{\"@type\":\"EntryPoint\",\"urlTemplate\":\"https:\/\/calahondadelsol.com\/?s={search_term_string}\"},\"query-input\":{\"@type\":\"PropertyValueSpecification\",\"valueRequired\":true,\"valueName\":\"search_term_string\"}}],\"inLanguage\":\"de\"}]}<\/script>\n<!-- \/ Yoast SEO plugin. -->","yoast_head_json":{"title":"Standort: Calahonda del Sol","robots":{"index":"index","follow":"follow","max-snippet":"max-snippet:-1","max-image-preview":"max-image-preview:large","max-video-preview":"max-video-preview:-1"},"canonical":"https:\/\/calahondadelsol.com\/de\/standort\/","og_locale":"de_DE","og_type":"article","og_title":"Locatie - Calahonda del Sol","og_url":"https:\/\/calahondadelsol.com\/de\/standort\/","og_site_name":"Calahonda del Sol","article_modified_time":"2024-08-29T14:17:38+00:00","og_image":[{"width":1920,"height":1080,"url":"https:\/\/calahondadelsol.com\/wp-content\/uploads\/sites\/38\/2024\/04\/calahonda_delsol_5.jpg","type":"image\/jpeg"}],"twitter_card":"summary_large_image","twitter_misc":{"Gesch\u00e4tzte Lesezeit":"7\u00a0Minuten"},"schema":{"@context":"https:\/\/schema.org","@graph":[{"@type":"WebPage","@id":"https:\/\/calahondadelsol.com\/locatie\/","url":"https:\/\/calahondadelsol.com\/locatie\/","name":"Standort: Calahonda del Sol","isPartOf":{"@id":"https:\/\/calahondadelsol.com\/#website"},"primaryImageOfPage":{"@id":"https:\/\/calahondadelsol.com\/locatie\/#primaryimage"},"image":{"@id":"https:\/\/calahondadelsol.com\/locatie\/#primaryimage"},"thumbnailUrl":"https:\/\/calahondadelsol.com\/wp-content\/uploads\/sites\/38\/2024\/04\/calahonda_delsol_5.jpg","datePublished":"2022-01-27T10:58:35+00:00","dateModified":"2024-08-29T14:17:38+00:00","breadcrumb":{"@id":"https:\/\/calahondadelsol.com\/locatie\/#breadcrumb"},"inLanguage":"de","potentialAction":[{"@type":"ReadAction","target":["https:\/\/calahondadelsol.com\/locatie\/"]}]},{"@type":"ImageObject","inLanguage":"de","@id":"https:\/\/calahondadelsol.com\/locatie\/#primaryimage","url":"https:\/\/calahondadelsol.com\/wp-content\/uploads\/sites\/38\/2024\/04\/calahonda_delsol_5.jpg","contentUrl":"https:\/\/calahondadelsol.com\/wp-content\/uploads\/sites\/38\/2024\/04\/calahonda_delsol_5.jpg","width":1920,"height":1080},{"@type":"BreadcrumbList","@id":"https:\/\/calahondadelsol.com\/locatie\/#breadcrumb","itemListElement":[{"@type":"ListItem","position":1,"name":"Home","item":"https:\/\/calahondadelsol.com\/"},{"@type":"ListItem","position":2,"name":"Locatie"}]},{"@type":"WebSite","@id":"https:\/\/calahondadelsol.com\/#website","url":"https:\/\/calahondadelsol.com\/","name":"Calahonda del Sol","description":"Ihr neuer Lebensstil","potentialAction":[{"@type":"SearchAction","target":{"@type":"EntryPoint","urlTemplate":"https:\/\/calahondadelsol.com\/?s={search_term_string}"},"query-input":{"@type":"PropertyValueSpecification","valueRequired":true,"valueName":"search_term_string"}}],"inLanguage":"de"}]}},"_links":{"self":[{"href":"https:\/\/calahondadelsol.com\/de\/wp-json\/wp\/v2\/pages\/97","targetHints":{"allow":["GET"]}}],"collection":[{"href":"https:\/\/calahondadelsol.com\/de\/wp-json\/wp\/v2\/pages"}],"about":[{"href":"https:\/\/calahondadelsol.com\/de\/wp-json\/wp\/v2\/types\/page"}],"author":[{"embeddable":true,"href":"https:\/\/calahondadelsol.com\/de\/wp-json\/wp\/v2\/users\/1"}],"replies":[{"embeddable":true,"href":"https:\/\/calahondadelsol.com\/de\/wp-json\/wp\/v2\/comments?post=97"}],"version-history":[{"count":33,"href":"https:\/\/calahondadelsol.com\/de\/wp-json\/wp\/v2\/pages\/97\/revisions"}],"predecessor-version":[{"id":4533,"href":"https:\/\/calahondadelsol.com\/de\/wp-json\/wp\/v2\/pages\/97\/revisions\/4533"}],"wp:featuredmedia":[{"embeddable":true,"href":"https:\/\/calahondadelsol.com\/de\/wp-json\/wp\/v2\/media\/4475"}],"wp:attachment":[{"href":"https:\/\/calahondadelsol.com\/de\/wp-json\/wp\/v2\/media?parent=97"}],"curies":[{"name":"wp","href":"https:\/\/api.w.org\/{rel}","templated":true}]}}