{"id":97,"date":"2022-01-27T10:58:35","date_gmt":"2022-01-27T10:58:35","guid":{"rendered":"http:\/\/cognito.mprinsdesign.nl\/?page_id=97"},"modified":"2024-08-29T14:17:38","modified_gmt":"2024-08-29T14:17:38","slug":"umisteni","status":"publish","type":"page","link":"https:\/\/calahondadelsol.com\/cs\/umisteni\/","title":{"rendered":"Um\u00edst\u011bn\u00ed"},"content":{"rendered":"<section class=\"wpb-content-wrapper\"><div  class=\"content_row row page-content vc_row wpb_row  default-style fullwidth\" >\n\t\n\t<div class=\"content_row_wrapper  default\" >\n\t<div id=\"asdasd\" class=\"vc_col-sm-12 wpb_column vc_column_container\" >\n\t<div class=\"vc_column-inner\">\n\t\t<div class=\"wpb_wrapper\" >\n\t\t\t<div class=\"rt_heading_wrapper no-style\">\n\t\t\t\t\t\t<h1 class=\"rt_heading  no-style\"  style=\"font-size:24px;margin-top:24px;margin-bottom:0px;\">M\u00edsto - <span class=\"after_h1\">Calahonda del Sol<\/span><\/h1> \n\t\t\t\t\t<\/div><div class=\"vc_empty_space\"   style=\"height: 32px\"><span class=\"vc_empty_space_inner\"><\/span><\/div><div class=\"vc_separator wpb_content_element vc_separator_align_center vc_sep_width_100 vc_sep_style-4 vc_sep_pos_align_center vc_separator_no_text vc_sep_color_grey\" ><span class=\"vc_sep_holder vc_sep_holder_l\"><span class=\"vc_sep_line\"><\/span><\/span><span class=\"vc_sep_holder vc_sep_holder_r\"><span class=\"vc_sep_line\"><\/span><\/span>\n<\/div>\n\t<div class=\"wpb_text_column wpb_content_element\" >\n\t\t<div class=\"wpb_wrapper\">\n\t\t\t<p><strong>Nov\u011b postaven\u00fd komplex Calahonda Sunset se nach\u00e1z\u00ed na pob\u0159e\u017e\u00ed Costa del Sol, ve \u010dtvrti Calahonda v Mijas. Oblast Calahonda v Mijas je oblast\u00ed presti\u017en\u00edch urbanizac\u00ed, exkluzivn\u00edch vil, klub\u016f, golfov\u00fdch h\u0159i\u0161\u0165 atd. Jedn\u00e1 se o reziden\u010dn\u00ed i turistickou oblast, jej\u00ed\u017e popularita roste d\u00edky strategick\u00e9 poloze, slu\u017eb\u00e1m a atraktivn\u00ed<\/strong><br \/>\n<strong>prost\u0159ed\u00ed s p\u0159\u00edrodn\u00ed krajinou, pob\u0159e\u017en\u00ed stezka, 14 kilometr\u016f pl\u00e1\u017ee, hory a d\u016fle\u017eit\u00e1 infrastruktura se v\u0161\u00edm kolem. Mijas je okouzluj\u00edc\u00ed m\u011bsto pova\u017eovan\u00e9 za jednu z nejlep\u0161\u00edch destinac\u00ed v Evrop\u011b z n\u011bkolika d\u016fvod\u016f: klima, gastronomie, poloha, kousek od Marbelly, Sotogrande a Gibraltaru a snadn\u00fd p\u0159\u00edstup p\u0159es AP7 a leti\u0161t\u011b Malaga, kter\u00e9 je jen 35 km daleko.<\/strong><\/p>\n<p>Na Costa del Sol s n\u00e1dhernou teplotou, kr\u00e1sn\u00fdmi pl\u00e1\u017eemi a mnoha pam\u00e1tkami je v\u017edy co d\u011blat. D\u00edky dobr\u00e9 infrastruktu\u0159e je v\u0161e dob\u0159e dostupn\u00e9.<\/p>\n<p><strong>P\u0159\u00edroda pln\u00e1 aktivit<\/strong><\/p>\n<p>Tento projekt se nach\u00e1z\u00ed v Sitio de Calahonda, p\u016fvabn\u00e9 urbanizaci, kter\u00e1 je sou\u010d\u00e1st\u00ed obce Mijas, kter\u00e1 se nach\u00e1z\u00ed na pob\u0159e\u017e\u00ed Costa del Sol. Oblast, kde se m\u016f\u017eete proj\u00edt, prozkoumat potoky Calahonda a Las Cabrillas nebo nav\u0161t\u00edvit vyhl\u00eddku Mijas.<\/p>\n<p>Um\u00edst\u011bn\u00ed t\u00e9to z\u00e1stavby v\u00e1m umo\u017e\u0148uje vyu\u017e\u00edt klid t\u00e9to oblasti a vyu\u017e\u00edvat \u0161irokou \u0161k\u00e1lu slu\u017eeb:<\/p>\n<p>Udr\u017eujte se v kondici d\u00edky 2 fitness centr\u016fm, z nich\u017e jedno je vzd\u00e1len\u00e9 2 minuty j\u00edzdy a druh\u00e9 6 minut j\u00edzdy. M\u00e1 va\u0161e d\u00edt\u011b r\u00e1do fotbal? Profesion\u00e1ln\u00ed fotbalov\u00e1 akademie Marbella je tak\u00e9 6 minut odtud. R\u016fzn\u00e9 supermarkety r\u016fzn\u00fdch zna\u010dek a n\u00e1rodnost\u00ed. L\u00e9k\u00e1rny, \u010derpac\u00ed stanice, \u0161koly pro r\u016fzn\u00e9 v\u011bkov\u00e9 kategorie, kliniky a kosmetick\u00e1 centra, kade\u0159nictv\u00ed, veterin\u00e1\u0159i atd. 14 kilometr\u016f pl\u00e1\u017ee, kde si m\u016f\u017eete vybrat str\u00e1vit den s rodinou nebo relaxovat p\u0159i zvuku vln.<\/p>\n<p><strong>Epicentrum pob\u0159e\u017e\u00ed Costa del Golf<\/strong><\/p>\n<p>V\u011bzte, \u017ee pokud jste profesion\u00e1l nebo chcete zlep\u0161it svou techniku, m\u00e1te pobl\u00ed\u017e vynikaj\u00edc\u00ed kluby a golfov\u00e1 h\u0159i\u0161t\u011b, jako jsou: Miraflores a Calanova Golf na v\u00fdchod. Golf Cabopino a golfov\u00fd klub Santa Mar\u00eda Marbella na z\u00e1pad. V\u00edce ne\u017e 20 golfov\u00fdch h\u0159i\u0161\u0165 v okruhu 50 km.<\/p>\n<p><strong>Rychl\u00fd p\u0159\u00edstup do zbytku provincie <\/strong><\/p>\n<p>M\u00e1laga Za m\u00e9n\u011b ne\u017e 1 minutu se dostanete na AP7 a dostanete se: Fuengirola (20 minut) Torremolinos (35 minut) Leti\u0161t\u011b M\u00e1laga (36 minut) Centrum M\u00e1lagy a vlakov\u00e9 n\u00e1dra\u017e\u00ed (42 minut) Marbella (23\u2032) a Puerto Ban\u00fas (25\u2032 )Estepona 41 minut, Sotogrande (1 hodina)<\/p>\n<p>Z komplexu Calahonda Sunset v Mijas je tak\u00e9 mnohem v\u00edce k objevov\u00e1n\u00ed v bezprost\u0159edn\u00ed bl\u00edzkosti. Zde je seznam n\u011bkter\u00fdch aktivit a pam\u00e1tek, kter\u00e9 byste si rozhodn\u011b nem\u011bli nechat uj\u00edt, a to v\u0161e v r\u00e1mci ch\u016fze, j\u00edzdy na kole nebo kr\u00e1tk\u00e9 j\u00edzdy autem:<\/p>\n<ul>\n<li>chodit po pob\u0159e\u017en\u00ed cest\u011b (<strong>Senda Litoral de Mijas<\/strong>) \u2013 Tato kr\u00e1sn\u00e1 cesta vede pod\u00e9l pob\u0159e\u017e\u00ed a nab\u00edz\u00ed \u00fachvatn\u00e9 v\u00fdhledy na St\u0159edozemn\u00ed mo\u0159e. Je ide\u00e1ln\u00ed pro relaxa\u010dn\u00ed proch\u00e1zku nebo j\u00edzdu na kole.<\/li>\n<li>pr\u016fzkum star\u00e9ho m\u011bsta Mijas (<strong>Mijas Pueblo<\/strong>) \u2013 Tato tradi\u010dn\u00ed ob\u00edlen\u00e1 vesnice se nach\u00e1z\u00ed v hor\u00e1ch a nab\u00edz\u00ed okouzluj\u00edc\u00ed sm\u011bs historick\u00e9 architektury, m\u00edstn\u00edch \u0159emesel a gastronomick\u00fdch z\u00e1\u017eitk\u016f. Nenechte si uj\u00edt slavn\u00e9 osl\u00ed tax\u00edky pro jedine\u010dn\u00fd zp\u016fsob, jak prozkoumat vesnici.<\/li>\n<li><strong>golf<\/strong> \u2013 Region je zn\u00e1m\u00fd sv\u00fdmi vynikaj\u00edc\u00edmi golfov\u00fdmi h\u0159i\u0161ti. V bl\u00edzkosti Calahondy najdete golfov\u00e9 kluby La Siesta a Miraflores Golf Club, ide\u00e1ln\u00ed pro za\u010d\u00e1te\u010dn\u00edky i zku\u0161en\u00e9 golfisty.<\/li>\n<li>nav\u0161t\u00edvit <strong>Pl\u00e1\u017e Cabopino<\/strong> \u2013 Jedn\u00e1 se o jednu z nejkr\u00e1sn\u011bj\u0161\u00edch pl\u00e1\u017e\u00ed v oblasti, kter\u00e1 je zn\u00e1m\u00e1 sv\u00fdm jemn\u00fdm p\u00edskem, \u010distou vodou a malebn\u00fdm p\u0159\u00edstavem Cabopino. Je to v\u00fdborn\u00e9 m\u00edsto pro opalov\u00e1n\u00ed, koup\u00e1n\u00ed a vodn\u00ed sporty.<\/li>\n<li>ch\u016fze v <strong>Sierra de Mija<\/strong>s \u2013 Pro milovn\u00edky p\u0159\u00edrody nab\u00edz\u00ed Sierra de Mijas kr\u00e1sn\u00e9 turistick\u00e9 stezky p\u0159es hory s n\u00e1dhern\u00fdm v\u00fdhledem na pob\u0159e\u017e\u00ed a do vnitrozem\u00ed.<\/li>\n<li>n\u00e1v\u0161t\u011bva botanick\u00e9 zahrady (<strong>Botanick\u00e1 zahrada Muralla<\/strong>) \u2013 Tato kr\u00e1sn\u00e1 zahrada v Mijas Pueblo nab\u00edz\u00ed klidn\u00fd \u00fanik s \u0159adou rostlin a kv\u011btin, stejn\u011b jako p\u016fsobiv\u00fd v\u00fdhled na pob\u0159e\u017e\u00ed.<\/li>\n<li>objevit <strong>m\u00edstn\u00ed vinice<\/strong> \u2013 Oblast Andalusie je zn\u00e1m\u00e1 sv\u00fdmi vynikaj\u00edc\u00edmi v\u00edny. V bezprost\u0159edn\u00ed bl\u00edzkosti je n\u011bkolik dobr\u00fdch vinic, v\u0161echny rozhodn\u011b stoj\u00ed za n\u00e1v\u0161t\u011bvu (a pop\u00edjen\u00ed).<\/li>\n<li><strong>j\u00edzda na koni<\/strong> \u2013 V bl\u00edzkosti Calahondy je n\u011bkolik jezdeck\u00fdch \u0161kol, kde si m\u016f\u017eete u\u017e\u00edt j\u00edzdu na koni kr\u00e1snou p\u0159\u00edrodou. Je to fantastick\u00fd zp\u016fsob, jak prozkoumat p\u0159\u00edrodn\u00ed kr\u00e1sy regionu.<\/li>\n<li>n\u00e1v\u0161t\u011bva aquaparku (<strong>Aquamijas<\/strong>) \u2013 Ide\u00e1ln\u00ed pro rodinn\u00fd den, Aquamijas nab\u00edz\u00ed n\u011bkolik tobog\u00e1n\u016f, baz\u00e9n\u016f a atrakc\u00ed pro v\u0161echny v\u011bkov\u00e9 kategorie. Je to jen kousek od Calahonda.<br \/>\nkulturn\u00ed z\u00e1\u017eitky v Mijas \u2013 Nenechte si uj\u00edt p\u0159\u00edle\u017eitost objevit m\u00edstn\u00ed \u0159emesla, jako je keramika a ko\u017een\u00e9 zbo\u017e\u00ed. Nav\u0161tivte tak\u00e9 Etnografick\u00e9 muzeum (Museo Etnogr\u00e1fico) v Mijas Pueblo pro hlub\u0161\u00ed vhled do m\u00edstn\u00ed kultury a historie.<\/li>\n<li>ochutnat <strong>m\u00edstn\u00ed gastronomie<\/strong> \u2013 Andalusk\u00e1 kuchyn\u011b je bohat\u00e1 a rozmanit\u00e1. Vychutnejte si m\u00edstn\u00ed speciality, jako je gazpacho, espetos (sardinky na \u0161p\u00edze) a region\u00e1ln\u00ed sladk\u00e9 v\u00edno. V okol\u00ed je spousta restaurac\u00ed a tapas bar\u016f, kde si tyto lah\u016fdky m\u016f\u017eete vychutnat.<\/li>\n<li><strong>na kole pod\u00e9l Riviera del Sol<\/strong> \u2013 Popadn\u011bte kolo a prozkoumejte kr\u00e1sn\u00e9 pob\u0159e\u017e\u00ed pod\u00e9l Riviera del Sol. Trasa nab\u00edz\u00ed kr\u00e1sn\u00e9 v\u00fdhledy a \u00fatuln\u00e9 pl\u00e1\u017eov\u00e9 bary (chiringuitos), kde se m\u016f\u017eete zastavit na osv\u011b\u017euj\u00edc\u00ed drink.<\/li>\n<li>nav\u0161tivte to <strong>Hrad Sohail<\/strong> (Fuengirola) \u2013 Tento historick\u00fd hrad se nach\u00e1z\u00ed kousek od Calahondy a nab\u00edz\u00ed nejen zaj\u00edmavou historii, ale tak\u00e9 n\u00e1dhern\u00fd v\u00fdhled na St\u0159edozemn\u00ed mo\u0159e.<\/li>\n<li><strong>trhy v Mijas<\/strong> \u2013 Prozkoumejte m\u00edstn\u00ed trhy, kde najdete v\u0161e od \u010derstv\u00fdch produkt\u016f po ru\u010dn\u011b vyr\u00e1b\u011bn\u00e9 suven\u00fdry. Za n\u00e1v\u0161t\u011bvu ur\u010dit\u011b stoj\u00ed trh v La Cala de Mijas, kter\u00fd se kon\u00e1 ka\u017edou st\u0159edu a sobotu.<\/li>\n<\/ul>\n<p>D\u00edky t\u011bmto aktivit\u00e1m a atrakc\u00edm hned za rohem pro\u017eijete vy, va\u0161e rodina, p\u0159\u00e1tel\u00e9 nebo host\u00e9 nezapomenuteln\u00fd \u010das v Mijas a okoln\u00edm regionu, a\u0165 u\u017e hled\u00e1te odpo\u010dinek, dobrodru\u017estv\u00ed, kulturu nebo kulin\u00e1\u0159sk\u00e9 z\u00e1\u017eitky.<\/p>\n\n\t\t<\/div>\n\t<\/div>\n<div class=\"button_wrapper aligncenter\"><a  href=\"\/cs\/vice-informaci\/\" target=\"_self\" title=\"&gt; po\u017e\u00e1dat o informa\u010dn\u00ed bal\u00ed\u010dek\" class=\"button_  style-2 medium\">&gt; po\u017e\u00e1dat o informa\u010dn\u00ed bal\u00ed\u010dek<\/a><\/div>\n\t\t<\/div>\n\t<\/div>\n\t<\/div>\n\n<\/div>\n<\/div>\n\n<div  class=\"content_row row room-list vc_row wpb_row  default-style fullwidth\" >\n\t\n\t<div class=\"content_row_wrapper  fullwidth\" >\n\t<div id=\"asdasd\" class=\"vc_col-sm-12 wpb_column vc_column_container\" >\n\t<div class=\"vc_column-inner\">\n\t\t<div class=\"wpb_wrapper\" >\n\t\t\t<div class=\"google_map_holder\" data-height=\"300\" data-scope=\"#map-818799\" data-bw=\"\">\n\n\t\t\t<div id=\"map-818799\" class=\"google_map\"><\/div>\n\t\t\t<script type=\"text\/javascript\">\n\t\t\t \/* <![CDATA[ *\/ \n\t\t\t\t\/\/ Runs google maps\t\n\t\t\t\t\tjQuery(function() {\n\t\t\t\t\t\tjQuery(\"#map-818799\").rt_maps([[\"Calahonda - Mijas\", 36.5115, -4.7302, 4,\"Calahonda Sunset &#8211; Costa del Calahonda\"],],10); \n\t\t\t\t\t});\n\t\t\t\/* ]]> *\/\t\n\t\t\t<\/script>\n\n\t\t<\/div><div class=\"vc_empty_space\"   style=\"height: 90px\"><span class=\"vc_empty_space_inner\"><\/span><\/div><div class=\"rt_quote\"  >\n\t\t\t\t\t\t\t<p>\n\t\t\t\t\t\t\t\t<span class=\"icon-quote-left\"><\/span>\n\t\t\t\t\t\t\t\t<\/p>\n<p id=\"tw-target-text\" class=\"tw-data-text tw-text-large tw-ta\" dir=\"ltr\" data-placeholder=\"Vertaling\" data-ved=\"2ahUKEwjrwKua7ISEAxXezgIHHeULBkAQ3ewLegQIBRAQ\"><span class=\"Y2IQFc\" lang=\"nl\">M\u00edsto, kde si u\u017eijete okol\u00ed, klid, \u017eivot okoln\u00edch m\u011bst a vesnic a exkluzivitu jedine\u010dn\u00e9 enkl\u00e1vy.<\/span><\/p>\n<p>\n\t\t\t\t\t\t\t\t<span class=\"icon-quote-right\"><\/span>\n\t\t\t\t\t\t\t<\/p>\n\t\t\t\t\t\t\t\n\t\t\t\t\t<\/div>\n\t\t<\/div>\n\t<\/div>\n\t<\/div>\n\n<\/div>\n<\/div>\n\n<div  class=\"content_row row vc_row wpb_row  default-style fullwidth\" >\n\t\n\t<div class=\"content_row_wrapper  default\" >\n\t<div id=\"asdasd\" class=\"vc_col-sm-12 wpb_column vc_column_container\" >\n\t<div class=\"vc_column-inner\">\n\t\t<div class=\"wpb_wrapper\" >\n\t\t\t\n\t\t<div  class=\"info_box margin-b20 clearfix announcement announcement\" data-rt-animate=\"animate\" data-rt-animation-type=\"fadeInDown\" data-rt-animation-group=\"single\">\n\t\t\t<span class=\"icon-cancel\"><\/span>\n\t\t\t<p class=\"icon-megaphone-1\">\n\t\t\t\t<\/p>\n<ul>\n<li>Leti\u0161t\u011b (50\u2013100 km)<\/li>\n<li>Pl\u00e1\u017e (1-2 km)<\/li>\n<li>\u00a0Mo\u0159e (1-2 km)<\/li>\n<li>V\u00fdhled na mo\u0159e<\/li>\n<li>Pohled na kopce<\/li>\n<li>V\u00fdhled na m\u011bsto<\/li>\n<li>Autobusov\u00e1 zast\u00e1vka u komplexu<\/li>\n<li>Obchody\/n\u00e1kupn\u00ed centrum v doch\u00e1zkov\u00e9 vzd\u00e1lenosti<\/li>\n<li>Bary\/restaurace v doch\u00e1zkov\u00e9 vzd\u00e1lenosti<\/li>\n<li>Estepona (evropsk\u00fd finalista pro m\u011bsto roku 2023)<\/li>\n<\/ul>\n<p>\n\t\t\t<\/p>\n\t\t<\/div>\n\t\n\t\t<\/div>\n\t<\/div>\n\t<\/div>\n\n<\/div>\n<\/div>\n\n<div  class=\"content_row row vc_row wpb_row  default-style fullwidth\" >\n\t\n\t<div class=\"content_row_wrapper  default\" >\n\t<div id=\"asdasd\" class=\"vc_col-sm-12 wpb_column vc_column_container\" >\n\t<div class=\"vc_column-inner\">\n\t\t<div class=\"wpb_wrapper\" >\n\t\t\t<div class=\"button_wrapper aligncenter\"><a  href=\"\/cs\/vice-informaci\/\" target=\"_self\" title=\"&gt; po\u017e\u00e1dat o informa\u010dn\u00ed bal\u00ed\u010dek\" class=\"button_  style-2 medium\">&gt; po\u017e\u00e1dat o informa\u010dn\u00ed bal\u00ed\u010dek<\/a><\/div>\n\t\t<\/div>\n\t<\/div>\n\t<\/div>\n\n<\/div>\n<\/div>\n<\/section>","protected":false},"excerpt":{"rendered":"<p>\u2026 <a class=\"more-link\" href=\"https:\/\/calahondadelsol.com\/cs\/umisteni\/\">pokra\u010dovat ve \u010dten\u00ed<\/a><\/p>","protected":false},"author":1,"featured_media":4475,"parent":0,"menu_order":5,"comment_status":"closed","ping_status":"closed","template":"","meta":{"footnotes":""},"class_list":["post-97","page","type-page","status-publish","has-post-thumbnail","hentry"],"yoast_head":"<!-- This site is optimized with the Yoast SEO plugin v26.0 - https:\/\/yoast.com\/wordpress\/plugins\/seo\/ -->\n<title>Locatie - Calahonda del Sol<\/title>\n<meta name=\"robots\" content=\"index, follow, max-snippet:-1, max-image-preview:large, max-video-preview:-1\" \/>\n<link rel=\"canonical\" href=\"https:\/\/calahondadelsol.com\/cs\/umisteni\/\" \/>\n<meta property=\"og:locale\" content=\"cs_CZ\" \/>\n<meta property=\"og:type\" content=\"article\" \/>\n<meta property=\"og:title\" content=\"Locatie - Calahonda del Sol\" \/>\n<meta property=\"og:url\" content=\"https:\/\/calahondadelsol.com\/cs\/umisteni\/\" \/>\n<meta property=\"og:site_name\" content=\"Calahonda del Sol\" \/>\n<meta property=\"article:modified_time\" content=\"2024-08-29T14:17:38+00:00\" \/>\n<meta property=\"og:image\" content=\"https:\/\/calahondadelsol.com\/wp-content\/uploads\/sites\/38\/2024\/04\/calahonda_delsol_5.jpg\" \/>\n\t<meta property=\"og:image:width\" content=\"1920\" \/>\n\t<meta property=\"og:image:height\" content=\"1080\" \/>\n\t<meta property=\"og:image:type\" content=\"image\/jpeg\" \/>\n<meta name=\"twitter:card\" content=\"summary_large_image\" \/>\n<meta name=\"twitter:label1\" content=\"Odhadovan\u00e1 doba \u010dten\u00ed\" \/>\n\t<meta name=\"twitter:data1\" content=\"7 minut\" \/>\n<script type=\"application\/ld+json\" class=\"yoast-schema-graph\">{\"@context\":\"https:\/\/schema.org\",\"@graph\":[{\"@type\":\"WebPage\",\"@id\":\"https:\/\/calahondadelsol.com\/locatie\/\",\"url\":\"https:\/\/calahondadelsol.com\/locatie\/\",\"name\":\"Locatie - Calahonda del Sol\",\"isPartOf\":{\"@id\":\"https:\/\/calahondadelsol.com\/#website\"},\"primaryImageOfPage\":{\"@id\":\"https:\/\/calahondadelsol.com\/locatie\/#primaryimage\"},\"image\":{\"@id\":\"https:\/\/calahondadelsol.com\/locatie\/#primaryimage\"},\"thumbnailUrl\":\"https:\/\/calahondadelsol.com\/wp-content\/uploads\/sites\/38\/2024\/04\/calahonda_delsol_5.jpg\",\"datePublished\":\"2022-01-27T10:58:35+00:00\",\"dateModified\":\"2024-08-29T14:17:38+00:00\",\"breadcrumb\":{\"@id\":\"https:\/\/calahondadelsol.com\/locatie\/#breadcrumb\"},\"inLanguage\":\"cs\",\"potentialAction\":[{\"@type\":\"ReadAction\",\"target\":[\"https:\/\/calahondadelsol.com\/locatie\/\"]}]},{\"@type\":\"ImageObject\",\"inLanguage\":\"cs\",\"@id\":\"https:\/\/calahondadelsol.com\/locatie\/#primaryimage\",\"url\":\"https:\/\/calahondadelsol.com\/wp-content\/uploads\/sites\/38\/2024\/04\/calahonda_delsol_5.jpg\",\"contentUrl\":\"https:\/\/calahondadelsol.com\/wp-content\/uploads\/sites\/38\/2024\/04\/calahonda_delsol_5.jpg\",\"width\":1920,\"height\":1080},{\"@type\":\"BreadcrumbList\",\"@id\":\"https:\/\/calahondadelsol.com\/locatie\/#breadcrumb\",\"itemListElement\":[{\"@type\":\"ListItem\",\"position\":1,\"name\":\"Home\",\"item\":\"https:\/\/calahondadelsol.com\/\"},{\"@type\":\"ListItem\",\"position\":2,\"name\":\"Locatie\"}]},{\"@type\":\"WebSite\",\"@id\":\"https:\/\/calahondadelsol.com\/#website\",\"url\":\"https:\/\/calahondadelsol.com\/\",\"name\":\"Calahonda del Sol\",\"description\":\"Your new way of life\",\"potentialAction\":[{\"@type\":\"SearchAction\",\"target\":{\"@type\":\"EntryPoint\",\"urlTemplate\":\"https:\/\/calahondadelsol.com\/?s={search_term_string}\"},\"query-input\":{\"@type\":\"PropertyValueSpecification\",\"valueRequired\":true,\"valueName\":\"search_term_string\"}}],\"inLanguage\":\"cs\"}]}<\/script>\n<!-- \/ Yoast SEO plugin. -->","yoast_head_json":{"title":"M\u00edsto - Calahonda del Sol","robots":{"index":"index","follow":"follow","max-snippet":"max-snippet:-1","max-image-preview":"max-image-preview:large","max-video-preview":"max-video-preview:-1"},"canonical":"https:\/\/calahondadelsol.com\/cs\/umisteni\/","og_locale":"cs_CZ","og_type":"article","og_title":"Locatie - Calahonda del Sol","og_url":"https:\/\/calahondadelsol.com\/cs\/umisteni\/","og_site_name":"Calahonda del Sol","article_modified_time":"2024-08-29T14:17:38+00:00","og_image":[{"width":1920,"height":1080,"url":"https:\/\/calahondadelsol.com\/wp-content\/uploads\/sites\/38\/2024\/04\/calahonda_delsol_5.jpg","type":"image\/jpeg"}],"twitter_card":"summary_large_image","twitter_misc":{"Odhadovan\u00e1 doba \u010dten\u00ed":"7 minut"},"schema":{"@context":"https:\/\/schema.org","@graph":[{"@type":"WebPage","@id":"https:\/\/calahondadelsol.com\/locatie\/","url":"https:\/\/calahondadelsol.com\/locatie\/","name":"M\u00edsto - Calahonda del Sol","isPartOf":{"@id":"https:\/\/calahondadelsol.com\/#website"},"primaryImageOfPage":{"@id":"https:\/\/calahondadelsol.com\/locatie\/#primaryimage"},"image":{"@id":"https:\/\/calahondadelsol.com\/locatie\/#primaryimage"},"thumbnailUrl":"https:\/\/calahondadelsol.com\/wp-content\/uploads\/sites\/38\/2024\/04\/calahonda_delsol_5.jpg","datePublished":"2022-01-27T10:58:35+00:00","dateModified":"2024-08-29T14:17:38+00:00","breadcrumb":{"@id":"https:\/\/calahondadelsol.com\/locatie\/#breadcrumb"},"inLanguage":"cs","potentialAction":[{"@type":"ReadAction","target":["https:\/\/calahondadelsol.com\/locatie\/"]}]},{"@type":"ImageObject","inLanguage":"cs","@id":"https:\/\/calahondadelsol.com\/locatie\/#primaryimage","url":"https:\/\/calahondadelsol.com\/wp-content\/uploads\/sites\/38\/2024\/04\/calahonda_delsol_5.jpg","contentUrl":"https:\/\/calahondadelsol.com\/wp-content\/uploads\/sites\/38\/2024\/04\/calahonda_delsol_5.jpg","width":1920,"height":1080},{"@type":"BreadcrumbList","@id":"https:\/\/calahondadelsol.com\/locatie\/#breadcrumb","itemListElement":[{"@type":"ListItem","position":1,"name":"Home","item":"https:\/\/calahondadelsol.com\/"},{"@type":"ListItem","position":2,"name":"Locatie"}]},{"@type":"WebSite","@id":"https:\/\/calahondadelsol.com\/#website","url":"https:\/\/calahondadelsol.com\/","name":"Calahonda del Sol","description":"V\u00e1\u0161 nov\u00fd zp\u016fsob \u017eivota","potentialAction":[{"@type":"SearchAction","target":{"@type":"EntryPoint","urlTemplate":"https:\/\/calahondadelsol.com\/?s={search_term_string}"},"query-input":{"@type":"PropertyValueSpecification","valueRequired":true,"valueName":"search_term_string"}}],"inLanguage":"cs"}]}},"_links":{"self":[{"href":"https:\/\/calahondadelsol.com\/cs\/wp-json\/wp\/v2\/pages\/97","targetHints":{"allow":["GET"]}}],"collection":[{"href":"https:\/\/calahondadelsol.com\/cs\/wp-json\/wp\/v2\/pages"}],"about":[{"href":"https:\/\/calahondadelsol.com\/cs\/wp-json\/wp\/v2\/types\/page"}],"author":[{"embeddable":true,"href":"https:\/\/calahondadelsol.com\/cs\/wp-json\/wp\/v2\/users\/1"}],"replies":[{"embeddable":true,"href":"https:\/\/calahondadelsol.com\/cs\/wp-json\/wp\/v2\/comments?post=97"}],"version-history":[{"count":33,"href":"https:\/\/calahondadelsol.com\/cs\/wp-json\/wp\/v2\/pages\/97\/revisions"}],"predecessor-version":[{"id":4533,"href":"https:\/\/calahondadelsol.com\/cs\/wp-json\/wp\/v2\/pages\/97\/revisions\/4533"}],"wp:featuredmedia":[{"embeddable":true,"href":"https:\/\/calahondadelsol.com\/cs\/wp-json\/wp\/v2\/media\/4475"}],"wp:attachment":[{"href":"https:\/\/calahondadelsol.com\/cs\/wp-json\/wp\/v2\/media?parent=97"}],"curies":[{"name":"wp","href":"https:\/\/api.w.org\/{rel}","templated":true}]}}